{"id":971,"date":"2022-11-23T17:43:30","date_gmt":"2022-11-23T17:43:30","guid":{"rendered":"https:\/\/dermatogenix.wpengine.com\/serie-de-conferences-a-topics%ef%bf%bc\/a-sur-les-themes-de-les-composants-et-les-objectifs\/"},"modified":"2024-01-10T18:49:56","modified_gmt":"2024-01-10T18:49:56","slug":"a-topics-presentation","status":"publish","type":"page","link":"https:\/\/www.muhccoead.com\/fr\/serie-de-conferences-a-topics\/a-topics-presentation\/","title":{"rendered":"A-Topics lectures"},"content":{"rendered":"\n\n\t\t\t<h5>Le COE AD du CUSM<\/h5><h1>S\u00e9rie de conf\u00e9rences A-Topics<\/h1>\n<h3>\n\t\tIntroduction\n\t<\/h3>\n\t<p>Ceci s&rsquo;agit d&rsquo;une initiative qui vise \u00e0 proposer un cursus scientifique aux dermatologues, et ceux en formation, sur le th\u00e8me de la dermatite atopique.<\/p>\n<p>La s\u00e9rie a \u00e9t\u00e9 con\u00e7ue par les membres canadiens de l&rsquo;International Eczema Council, Dre Carolyn Jack, Dr Aaron Drucker, Dre Melinda Gooderham et Dr Chi-ho Hong. Un programme scientifique bilingue valid\u00e9 a \u00e9t\u00e9 cr\u00e9\u00e9 et enregistr\u00e9, puis analys\u00e9 par un panel bilingue et pancanadien d&rsquo;experts communautaires et universitaires afin d&rsquo;extraire les informations les plus importantes et applicables pour les utilisateurs finaux.<\/p>\n<h3>\n\t\tPROGRAMME\n\t<\/h3>\n\t1. <a href=\"#topic-1-fr\">\u00c9pid\u00e9mie d&rsquo;atopie : population et environnement<\/a><br \/>\n2. <a href=\"#topic-2-fr\">Aspects translationnels en pathobiologie de la dermatite atopique : ciblage des voies mol\u00e9culaires<\/a><br \/>\n3. <a href=\"#topic-3-fr\">Directives changeantes pour le traitement<\/a><br \/>\n4. <a href=\"#topic-4-fr\">Nouvelles th\u00e9rapies topiques pour le traitement de la dermatite atopique<\/a><br \/>\n5. <a href=\"#topic-5-fr\">Nouvelles th\u00e9rapies syst\u00e9miques pour le traitement de la dermatite atopique<\/a><br \/>\n6. <a href=\"#topic-6-fr\">Traitement des comorbidit\u00e9s chez les patients atteints de dermatite atopique : asthme, sinusite et autres complications<\/a><br \/>\n7. <a href=\"#topic-7-fr\">Application des connaissances : utiliser des outils pour faciliter la communication avec les patients<\/a><br \/>\n8. <a href=\"#topic-8-fr\">M\u00e9canismes de la dermatite atopique li\u00e9e \u00e0 S. aureus<\/a>\n<h5>\n\t\tSujet\n\t<\/h5>\n\t<h5>1. \u00c9pid\u00e9mie d&rsquo;atopie : population et environnement<\/h5>\n<h5>\n\t\tObjectives\n\t<\/h5>\n\t<ul>\n<li>Explorez la pr\u00e9sentation de la dermatite atopique chez les patients p\u00e9diatriques.<\/li>\n<li>Comprendre la transition de la dermatite atopique de l&rsquo;enfance \u00e0 l&rsquo;\u00e2ge adulte.<\/li>\n<li>Reconna\u00eetre l&rsquo;h\u00e9t\u00e9rog\u00e9n\u00e9it\u00e9 de la maladie chez les patients adultes.<\/li>\n<\/ul>\n<h5>\n\t\tComit\u00e9 scientifique\n\t<\/h5>\n\t<p><strong>Dr. A. Drucker, Universit\u00e9 de Toronto<\/strong><\/p>\n\t\t\t<a href=\"https:\/\/www.muhccoead.com\/wp-content\/uploads\/2023\/07\/1-Presentation.pptx\" download target=\"_blank\" rel=\"noopener nofollow\">\n\t\t\t\t\t\t1 &#8211; Pre\u0301sentation\n\t\t\t\t\t<\/a>\n<h5>\n\t\tSujet\n\t<\/h5>\n\t<h5>2. Aspects translationnels en pathobiologie de la dermatite atopique : ciblage des voies mol\u00e9culaires<\/h5>\n<h5>\n\t\tObjectives\n\t<\/h5>\n\t<ul>\n<li>Examiner la physiopathologie et les m\u00e9canismes de la maladie dans la dermatite atopique<\/li>\n<li>Explorer de nouveaux d\u00e9veloppements dans la compr\u00e9hension de la pathogen\u00e8se de la dermatite atopique<\/li>\n<li>Obtenez des informations cliniques sur le ciblage s\u00e9lectif des m\u00e9diateurs de l&rsquo;inflammation de type 2 dans les pratiques cliniques<\/li>\n<\/ul>\n<h5>\n\t\tComit\u00e9 scientifique\n\t<\/h5>\n\t<p><strong>Dr. T. Bieber, Universit\u00e9 de Bonn<\/strong><\/p>\n\t<iframe loading=\"lazy\" title=\"2. Aspects translationels de la physiopathologie de la DA: \u200bCiblage des m\u00e9canismes mol\u00e9culaires\u200b\" width=\"500\" height=\"281\" src=\"https:\/\/www.youtube.com\/embed\/gChY6-FcGBM?feature=oembed\" frameborder=\"0\" allow=\"accelerometer; autoplay; clipboard-write; encrypted-media; gyroscope; picture-in-picture; web-share\" allowfullscreen><\/iframe>\n\t\t\t<a href=\"https:\/\/www.muhccoead.com\/wp-content\/uploads\/2023\/07\/2-Presentation.pptx\" download target=\"_blank\" rel=\"noopener nofollow\">\n\t\t\t\t\t\t2 &#8211; Pre\u0301sentation\n\t\t\t\t\t<\/a>\n<h5>\n\t\tSujet\n\t<\/h5>\n\t<h5>3. Directives changeantes pour le traitement<\/h5>\n<h5>\n\t\tObjectives\n\t<\/h5>\n\t<ul>\n<li>Examiner les directives cliniques actuelles bas\u00e9es sur le score de gravit\u00e9 de la dermatite atopique<\/li>\n<li>Introduire des lignes directrices dans le d\u00e9veloppement<\/li>\n<li>\u00c9valuer l&rsquo;innocuit\u00e9 et l&rsquo;efficacit\u00e9 des traitements de la dermatite atopique<\/li>\n<li>Explorer les lignes directrices sur la dermatite atopique dans des populations particuli\u00e8res (enfants, adultes atteints de maladie r\u00e9nale&#8230;)<\/li>\n<\/ul>\n<h5>\n\t\tComit\u00e9 scientifique\n\t<\/h5>\n\t<p><strong>Dr. Julien Ringuet, Centre Dermatologique du Qu\u00e9bec M\u00e9tropolitain<\/strong><\/p>\n\t<iframe loading=\"lazy\" title=\"3. Directives changeantes pour le traitement de la dermatite atopique\" width=\"500\" height=\"281\" src=\"https:\/\/www.youtube.com\/embed\/GeanMbREtgY?feature=oembed\" frameborder=\"0\" allow=\"accelerometer; autoplay; clipboard-write; encrypted-media; gyroscope; picture-in-picture; web-share\" allowfullscreen><\/iframe>\n\t\t\t<a href=\"https:\/\/www.muhccoead.com\/wp-content\/uploads\/2023\/07\/3-Presentation.pptx\" download target=\"_blank\" rel=\"noopener nofollow\">\n\t\t\t\t\t\t3 &#8211; Pre\u0301sentation\n\t\t\t\t\t<\/a>\n<h5>\n\t\tSujet\n\t<\/h5>\n\t<h5>4. Nouvelles th\u00e9rapies topiques pour le traitement de la dermatite atopique<\/h5>\n<h5>\n\t\tObjectives\n\t<\/h5>\n\t<ul>\n<li>Revoir l&rsquo;anatomie de la peau et le r\u00f4le de la barri\u00e8re \u00e9pidermique<\/li>\n<li>Comprendre comment optimiser les th\u00e9rapies topiques dans la dermatite atopique<\/li>\n<li>Explorer de nouvelles avanc\u00e9es dans les th\u00e9rapies topiques chez les enfants et les adultes atteints de dermatite atopique<\/li>\n<\/ul>\n<h5>\n\t\tComit\u00e9 scientifique\n\t<\/h5>\n\t<p><strong>Dr. S. Nigen, l&rsquo;Universit\u00e9 de Montr\u00e9al<\/strong><\/p>\n\t<iframe loading=\"lazy\" title=\"4. Nouveaut\u00e9s dans le traitement topique de l'ecz\u00e9ma atopique\" width=\"500\" height=\"281\" src=\"https:\/\/www.youtube.com\/embed\/fZzkKeNEWiM?feature=oembed\" frameborder=\"0\" allow=\"accelerometer; autoplay; clipboard-write; encrypted-media; gyroscope; picture-in-picture; web-share\" allowfullscreen><\/iframe>\n\t\t\t<a href=\"https:\/\/www.muhccoead.com\/wp-content\/uploads\/2023\/07\/4-Presentation.pptx\" download target=\"_blank\" rel=\"noopener nofollow\">\n\t\t\t\t\t\t4 &#8211; Pre\u0301sentation\n\t\t\t\t\t<\/a>\n<h5>\n\t\tSujet\n\t<\/h5>\n\t<h5>5. Nouvelles th\u00e9rapies syst\u00e9miques pour le traitement de la dermatite atopique<\/h5>\n<h5>\n\t\tObjectives\n\t<\/h5>\n\t<ul>\n<li>D\u00e9terminer qui est le meilleur candidat pour la th\u00e9rapie syst\u00e9mique<\/li>\n<li>Explorer l&rsquo;utilisation des th\u00e9rapies syst\u00e9miques dans la dermatite atopique<\/li>\n<li>Obtenez des informations sur les nouvelles th\u00e9rapies syst\u00e9miques<\/li>\n<\/ul>\n<h5>\n\t\tComit\u00e9 scientifique\n\t<\/h5>\n\t<p><strong>Dr. Julien Ringuet, Centre Dermatologique du Qu\u00e9bec M\u00e9tropolitain<\/strong><\/p>\n\t<iframe loading=\"lazy\" title=\"5. Nouveaux traitements syst\u00e9miques de la dermatite atopique\" width=\"500\" height=\"281\" src=\"https:\/\/www.youtube.com\/embed\/U7IOYA0E-90?feature=oembed\" frameborder=\"0\" allow=\"accelerometer; autoplay; clipboard-write; encrypted-media; gyroscope; picture-in-picture; web-share\" allowfullscreen><\/iframe>\n\t\t\t<a href=\"https:\/\/www.muhccoead.com\/wp-content\/uploads\/2023\/07\/5-Presentation.pdf\" download target=\"_blank\" rel=\"noopener nofollow\">\n\t\t\t\t\t\t5 &#8211; Pre\u0301sentation\n\t\t\t\t\t<\/a>\n<h5>\n\t\tSujet\n\t<\/h5>\n\t<h5>6. Traitement des comorbidit\u00e9s chez les patients atteints de dermatite atopique : asthme, sinusite et autres complications<\/h5>\n<h5>\n\t\tObjectives\n\t<\/h5>\n\t<ul>\n<li>Revoir la multimorbidit\u00e9 de la dermatite atopique<\/li>\n<li>Explorer le r\u00f4le commun de l&rsquo;inflammation de type 2 dans la physiopathologie commune de la dermatite atopique et d&rsquo;autres maladies inflammatoires de type 2<\/li>\n<li>Obtenez des informations cliniques sur l&rsquo;\u00e9valuation et la prise en charge des comorbidit\u00e9s atopiques dans la dermatite atopique<\/li>\n<\/ul>\n<h5>\n\t\tComit\u00e9 scientifique\n\t<\/h5>\n\t<p><strong>Dr. Martin Desrosiers, l&rsquo;Universit\u00e9 de Montr\u00e9al<\/strong><\/p>\n\t<iframe loading=\"lazy\" title=\"6. Traiter les comorbidit\u00e9s chez les patients atteints de DA: Asthme, sinusite, autres complications\" width=\"500\" height=\"281\" src=\"https:\/\/www.youtube.com\/embed\/0FcbC9R2FPM?feature=oembed\" frameborder=\"0\" allow=\"accelerometer; autoplay; clipboard-write; encrypted-media; gyroscope; picture-in-picture; web-share\" allowfullscreen><\/iframe>\n\t\t\t<a href=\"https:\/\/www.muhccoead.com\/wp-content\/uploads\/2023\/07\/6-Presentation.pdf\" download target=\"_blank\" rel=\"noopener nofollow\">\n\t\t\t\t\t\t6 &#8211; Pre\u0301sentation\n\t\t\t\t\t<\/a>\n<h5>\n\t\tSujet\n\t<\/h5>\n\t<h5>7. Application des connaissances : utiliser des outils pour faciliter la communication avec les patients<\/h5>\n<h5>\n\t\tObjectives\n\t<\/h5>\n\t<ul>\n<li>Illustrer la possibilit\u00e9 pour les patients d&rsquo;am\u00e9liorer leur prise en charge de la dermatite atopique gr\u00e2ce \u00e0 des outils d&rsquo;application des connaissances.<\/li>\n<li>D\u00e9montrer comment les dermatologues peuvent tirer parti d&rsquo;un plus large \u00e9ventail d&rsquo;informations sur leurs patients.<\/li>\n<li>Exposer l&rsquo;opportunit\u00e9 d&rsquo;am\u00e9liorer l&rsquo;acc\u00e8s aux soins de sant\u00e9 gr\u00e2ce \u00e0 des outils de communication.<\/li>\n<\/ul>\n<h5>\n\t\tComit\u00e9 scientifique\n\t<\/h5>\n\n","protected":false},"excerpt":{"rendered":"<p>Le COE AD du CUSM S\u00e9rie de conf\u00e9rences A-Topics Introduction Ceci s&rsquo;agit d&rsquo;une initiative qui vise \u00e0 proposer un cursus scientifique aux dermatologues, et ceux en formation, sur le th\u00e8me de la dermatite atopique. La s\u00e9rie a \u00e9t\u00e9 con\u00e7ue par les membres canadiens de l&rsquo;International Eczema Council, Dre Carolyn Jack, Dr Aaron Drucker, Dre Melinda [&hellip;]<\/p>\n","protected":false},"author":3,"featured_media":0,"parent":970,"menu_order":0,"comment_status":"closed","ping_status":"closed","template":"","meta":{"site-sidebar-layout":"default","site-content-layout":"","ast-site-content-layout":"default","site-content-style":"default","site-sidebar-style":"default","ast-global-header-display":"","ast-banner-title-visibility":"","ast-main-header-display":"","ast-hfb-above-header-display":"","ast-hfb-below-header-display":"","ast-hfb-mobile-header-display":"","site-post-title":"","ast-breadcrumbs-content":"","ast-featured-img":"","footer-sml-layout":"","ast-disable-related-posts":"","theme-transparent-header-meta":"","adv-header-id-meta":"","stick-header-meta":"","header-above-stick-meta":"","header-main-stick-meta":"","header-below-stick-meta":"","astra-migrate-meta-layouts":"default","ast-page-background-enabled":"default","ast-page-background-meta":{"desktop":{"background-color":"","background-image":"","background-repeat":"repeat","background-position":"center center","background-size":"auto","background-attachment":"scroll","background-type":"","background-media":"","overlay-type":"","overlay-color":"","overlay-opacity":"","overlay-gradient":""},"tablet":{"background-color":"","background-image":"","background-repeat":"repeat","background-position":"center center","background-size":"auto","background-attachment":"scroll","background-type":"","background-media":"","overlay-type":"","overlay-color":"","overlay-opacity":"","overlay-gradient":""},"mobile":{"background-color":"","background-image":"","background-repeat":"repeat","background-position":"center center","background-size":"auto","background-attachment":"scroll","background-type":"","background-media":"","overlay-type":"","overlay-color":"","overlay-opacity":"","overlay-gradient":""}},"ast-content-background-meta":{"desktop":{"background-color":"var(--ast-global-color-5)","background-image":"","background-repeat":"repeat","background-position":"center center","background-size":"auto","background-attachment":"scroll","background-type":"","background-media":"","overlay-type":"","overlay-color":"","overlay-opacity":"","overlay-gradient":""},"tablet":{"background-color":"var(--ast-global-color-5)","background-image":"","background-repeat":"repeat","background-position":"center center","background-size":"auto","background-attachment":"scroll","background-type":"","background-media":"","overlay-type":"","overlay-color":"","overlay-opacity":"","overlay-gradient":""},"mobile":{"background-color":"var(--ast-global-color-5)","background-image":"","background-repeat":"repeat","background-position":"center center","background-size":"auto","background-attachment":"scroll","background-type":"","background-media":"","overlay-type":"","overlay-color":"","overlay-opacity":"","overlay-gradient":""}},"footnotes":""},"class_list":["post-971","page","type-page","status-publish","hentry"],"yoast_head":"<!-- This site is optimized with the Yoast SEO plugin v27.4 - https:\/\/yoast.com\/product\/yoast-seo-wordpress\/ -->\n<title>A-Topics lectures | MUHC Centre of Excellence for Atopic Dermatitis<\/title>\n<meta name=\"description\" content=\"Ceci s&#039;agit d&#039;une initiative de projet acad\u00e9mique en construction, qui vise \u00e0 proposer un cursus scientifique aux dermatologues, et ceux en formation, sur le th\u00e8me de la dermatite atopique.\" \/>\n<meta name=\"robots\" content=\"index, follow, max-snippet:-1, max-image-preview:large, max-video-preview:-1\" \/>\n<link rel=\"canonical\" href=\"https:\/\/www.muhccoead.com\/fr\/serie-de-conferences-a-topics\/a-topics-presentation\/\" \/>\n<meta property=\"og:locale\" content=\"fr_FR\" \/>\n<meta property=\"og:type\" content=\"article\" \/>\n<meta property=\"og:title\" content=\"A-Topics lectures | MUHC Centre of Excellence for Atopic Dermatitis\" \/>\n<meta property=\"og:description\" content=\"Ceci s&#039;agit d&#039;une initiative de projet acad\u00e9mique en construction, qui vise \u00e0 proposer un cursus scientifique aux dermatologues, et ceux en formation, sur le th\u00e8me de la dermatite atopique.\" \/>\n<meta property=\"og:url\" content=\"https:\/\/www.muhccoead.com\/fr\/serie-de-conferences-a-topics\/a-topics-presentation\/\" \/>\n<meta property=\"og:site_name\" content=\"MUHC Centre of Excellence for Atopic Dermatitis\" \/>\n<meta property=\"article:modified_time\" content=\"2024-01-10T18:49:56+00:00\" \/>\n<meta name=\"twitter:card\" content=\"summary_large_image\" \/>\n<meta name=\"twitter:label1\" content=\"Dur\u00e9e de lecture estim\u00e9e\" \/>\n\t<meta name=\"twitter:data1\" content=\"4 minutes\" \/>\n<script type=\"application\/ld+json\" class=\"yoast-schema-graph\">{\"@context\":\"https:\\\/\\\/schema.org\",\"@graph\":[{\"@type\":\"WebPage\",\"@id\":\"https:\\\/\\\/www.muhccoead.com\\\/fr\\\/serie-de-conferences-a-topics\\\/a-topics-presentation\\\/\",\"url\":\"https:\\\/\\\/www.muhccoead.com\\\/fr\\\/serie-de-conferences-a-topics\\\/a-topics-presentation\\\/\",\"name\":\"A-Topics lectures | MUHC Centre of Excellence for Atopic Dermatitis\",\"isPartOf\":{\"@id\":\"https:\\\/\\\/www.muhccoead.com\\\/fr\\\/#website\"},\"datePublished\":\"2022-11-23T17:43:30+00:00\",\"dateModified\":\"2024-01-10T18:49:56+00:00\",\"description\":\"Ceci s'agit d'une initiative de projet acad\u00e9mique en construction, qui vise \u00e0 proposer un cursus scientifique aux dermatologues, et ceux en formation, sur le th\u00e8me de la dermatite atopique.\",\"breadcrumb\":{\"@id\":\"https:\\\/\\\/www.muhccoead.com\\\/fr\\\/serie-de-conferences-a-topics\\\/a-topics-presentation\\\/#breadcrumb\"},\"inLanguage\":\"fr-FR\",\"potentialAction\":[{\"@type\":\"ReadAction\",\"target\":[\"https:\\\/\\\/www.muhccoead.com\\\/fr\\\/serie-de-conferences-a-topics\\\/a-topics-presentation\\\/\"]}]},{\"@type\":\"BreadcrumbList\",\"@id\":\"https:\\\/\\\/www.muhccoead.com\\\/fr\\\/serie-de-conferences-a-topics\\\/a-topics-presentation\\\/#breadcrumb\",\"itemListElement\":[{\"@type\":\"ListItem\",\"position\":1,\"name\":\"Home\",\"item\":\"https:\\\/\\\/www.muhccoead.com\\\/fr\\\/home\\\/\"},{\"@type\":\"ListItem\",\"position\":2,\"name\":\"S\u00e9rie de conf\u00e9rences A-Topics\",\"item\":\"https:\\\/\\\/www.muhccoead.com\\\/fr\\\/serie-de-conferences-a-topics\\\/\"},{\"@type\":\"ListItem\",\"position\":3,\"name\":\"A-Topics lectures\"}]},{\"@type\":\"WebSite\",\"@id\":\"https:\\\/\\\/www.muhccoead.com\\\/fr\\\/#website\",\"url\":\"https:\\\/\\\/www.muhccoead.com\\\/fr\\\/\",\"name\":\"MUHC Centre of Excellence for Atopic Dermatitis\",\"description\":\"Dermatogenix\",\"publisher\":{\"@id\":\"https:\\\/\\\/www.muhccoead.com\\\/fr\\\/#organization\"},\"potentialAction\":[{\"@type\":\"SearchAction\",\"target\":{\"@type\":\"EntryPoint\",\"urlTemplate\":\"https:\\\/\\\/www.muhccoead.com\\\/fr\\\/?s={search_term_string}\"},\"query-input\":{\"@type\":\"PropertyValueSpecification\",\"valueRequired\":true,\"valueName\":\"search_term_string\"}}],\"inLanguage\":\"fr-FR\"},{\"@type\":\"Organization\",\"@id\":\"https:\\\/\\\/www.muhccoead.com\\\/fr\\\/#organization\",\"name\":\"MUHC Centre of Excellence for Atopic Dermatitis\",\"url\":\"https:\\\/\\\/www.muhccoead.com\\\/fr\\\/\",\"logo\":{\"@type\":\"ImageObject\",\"inLanguage\":\"fr-FR\",\"@id\":\"https:\\\/\\\/www.muhccoead.com\\\/fr\\\/#\\\/schema\\\/logo\\\/image\\\/\",\"url\":\"https:\\\/\\\/www.muhccoead.com\\\/wp-content\\\/uploads\\\/2022\\\/09\\\/MUHC-COE-AD-Logo.png\",\"contentUrl\":\"https:\\\/\\\/www.muhccoead.com\\\/wp-content\\\/uploads\\\/2022\\\/09\\\/MUHC-COE-AD-Logo.png\",\"width\":249,\"height\":229,\"caption\":\"MUHC Centre of Excellence for Atopic Dermatitis\"},\"image\":{\"@id\":\"https:\\\/\\\/www.muhccoead.com\\\/fr\\\/#\\\/schema\\\/logo\\\/image\\\/\"}}]}<\/script>\n<!-- \/ Yoast SEO plugin. -->","yoast_head_json":{"title":"A-Topics lectures | MUHC Centre of Excellence for Atopic Dermatitis","description":"Ceci s'agit d'une initiative de projet acad\u00e9mique en construction, qui vise \u00e0 proposer un cursus scientifique aux dermatologues, et ceux en formation, sur le th\u00e8me de la dermatite atopique.","robots":{"index":"index","follow":"follow","max-snippet":"max-snippet:-1","max-image-preview":"max-image-preview:large","max-video-preview":"max-video-preview:-1"},"canonical":"https:\/\/www.muhccoead.com\/fr\/serie-de-conferences-a-topics\/a-topics-presentation\/","og_locale":"fr_FR","og_type":"article","og_title":"A-Topics lectures | MUHC Centre of Excellence for Atopic Dermatitis","og_description":"Ceci s'agit d'une initiative de projet acad\u00e9mique en construction, qui vise \u00e0 proposer un cursus scientifique aux dermatologues, et ceux en formation, sur le th\u00e8me de la dermatite atopique.","og_url":"https:\/\/www.muhccoead.com\/fr\/serie-de-conferences-a-topics\/a-topics-presentation\/","og_site_name":"MUHC Centre of Excellence for Atopic Dermatitis","article_modified_time":"2024-01-10T18:49:56+00:00","twitter_card":"summary_large_image","twitter_misc":{"Dur\u00e9e de lecture estim\u00e9e":"4 minutes"},"schema":{"@context":"https:\/\/schema.org","@graph":[{"@type":"WebPage","@id":"https:\/\/www.muhccoead.com\/fr\/serie-de-conferences-a-topics\/a-topics-presentation\/","url":"https:\/\/www.muhccoead.com\/fr\/serie-de-conferences-a-topics\/a-topics-presentation\/","name":"A-Topics lectures | MUHC Centre of Excellence for Atopic Dermatitis","isPartOf":{"@id":"https:\/\/www.muhccoead.com\/fr\/#website"},"datePublished":"2022-11-23T17:43:30+00:00","dateModified":"2024-01-10T18:49:56+00:00","description":"Ceci s'agit d'une initiative de projet acad\u00e9mique en construction, qui vise \u00e0 proposer un cursus scientifique aux dermatologues, et ceux en formation, sur le th\u00e8me de la dermatite atopique.","breadcrumb":{"@id":"https:\/\/www.muhccoead.com\/fr\/serie-de-conferences-a-topics\/a-topics-presentation\/#breadcrumb"},"inLanguage":"fr-FR","potentialAction":[{"@type":"ReadAction","target":["https:\/\/www.muhccoead.com\/fr\/serie-de-conferences-a-topics\/a-topics-presentation\/"]}]},{"@type":"BreadcrumbList","@id":"https:\/\/www.muhccoead.com\/fr\/serie-de-conferences-a-topics\/a-topics-presentation\/#breadcrumb","itemListElement":[{"@type":"ListItem","position":1,"name":"Home","item":"https:\/\/www.muhccoead.com\/fr\/home\/"},{"@type":"ListItem","position":2,"name":"S\u00e9rie de conf\u00e9rences A-Topics","item":"https:\/\/www.muhccoead.com\/fr\/serie-de-conferences-a-topics\/"},{"@type":"ListItem","position":3,"name":"A-Topics lectures"}]},{"@type":"WebSite","@id":"https:\/\/www.muhccoead.com\/fr\/#website","url":"https:\/\/www.muhccoead.com\/fr\/","name":"MUHC Centre of Excellence for Atopic Dermatitis","description":"Dermatogenix","publisher":{"@id":"https:\/\/www.muhccoead.com\/fr\/#organization"},"potentialAction":[{"@type":"SearchAction","target":{"@type":"EntryPoint","urlTemplate":"https:\/\/www.muhccoead.com\/fr\/?s={search_term_string}"},"query-input":{"@type":"PropertyValueSpecification","valueRequired":true,"valueName":"search_term_string"}}],"inLanguage":"fr-FR"},{"@type":"Organization","@id":"https:\/\/www.muhccoead.com\/fr\/#organization","name":"MUHC Centre of Excellence for Atopic Dermatitis","url":"https:\/\/www.muhccoead.com\/fr\/","logo":{"@type":"ImageObject","inLanguage":"fr-FR","@id":"https:\/\/www.muhccoead.com\/fr\/#\/schema\/logo\/image\/","url":"https:\/\/www.muhccoead.com\/wp-content\/uploads\/2022\/09\/MUHC-COE-AD-Logo.png","contentUrl":"https:\/\/www.muhccoead.com\/wp-content\/uploads\/2022\/09\/MUHC-COE-AD-Logo.png","width":249,"height":229,"caption":"MUHC Centre of Excellence for Atopic Dermatitis"},"image":{"@id":"https:\/\/www.muhccoead.com\/fr\/#\/schema\/logo\/image\/"}}]}},"featured_image_src":null,"featured_image_src_square":null,"_links":{"self":[{"href":"https:\/\/www.muhccoead.com\/fr\/wp-json\/wp\/v2\/pages\/971","targetHints":{"allow":["GET"]}}],"collection":[{"href":"https:\/\/www.muhccoead.com\/fr\/wp-json\/wp\/v2\/pages"}],"about":[{"href":"https:\/\/www.muhccoead.com\/fr\/wp-json\/wp\/v2\/types\/page"}],"author":[{"embeddable":true,"href":"https:\/\/www.muhccoead.com\/fr\/wp-json\/wp\/v2\/users\/3"}],"replies":[{"embeddable":true,"href":"https:\/\/www.muhccoead.com\/fr\/wp-json\/wp\/v2\/comments?post=971"}],"version-history":[{"count":0,"href":"https:\/\/www.muhccoead.com\/fr\/wp-json\/wp\/v2\/pages\/971\/revisions"}],"up":[{"embeddable":true,"href":"https:\/\/www.muhccoead.com\/fr\/wp-json\/wp\/v2\/pages\/970"}],"wp:attachment":[{"href":"https:\/\/www.muhccoead.com\/fr\/wp-json\/wp\/v2\/media?parent=971"}],"curies":[{"name":"wp","href":"https:\/\/api.w.org\/{rel}","templated":true}]}}