{"id":939,"date":"2022-07-19T18:52:11","date_gmt":"2022-07-19T18:52:11","guid":{"rendered":"https:\/\/dermatogenix.wpengine.com\/publications\/"},"modified":"2022-12-21T17:54:16","modified_gmt":"2022-12-21T17:54:16","slug":"publications","status":"publish","type":"page","link":"https:\/\/www.muhccoead.com\/fr\/publications\/","title":{"rendered":"Publications"},"content":{"rendered":"\n\n\t\t\t<h1>Publications<\/h1>\n\t\t\t\t<img loading=\"lazy\" decoding=\"async\" src=\"https:\/\/www.muhccoead.com\/wp-content\/uploads\/2022\/10\/dr-jack.png\" alt=\"dr-jack\" itemprop=\"image\" height=\"614\" width=\"614\" title=\"dr-jack\" onerror=\"this.style.display='none'\"  \/>\n\t<p>Le Dr Carolyn Jack est dermatologue et immunologiste form\u00e9e au doctorat. Elle poss\u00e8de une expertise en biologie mol\u00e9culaire, en immunologie cellulaire, en immunoph\u00e9notypage de cellules et de tissus humains primaires, en mod\u00e9lisation pr\u00e9clinique de maladies humaines in vitro et en essais cliniques bas\u00e9s sur des biosp\u00e9cimens de peau. Elle occupe les postes de professeure adjointe \u00e0 l&rsquo;Universit\u00e9 McGill, de scientifique junior au programme Maladies infectieuses et immunit\u00e9 en sant\u00e9 mondiale de l&rsquo;Institut de recherche du Centre universitaire de sant\u00e9 McGill (IR-CUSM). <\/p>\n\t<p>Son travail clinique et ses recherches sont ax\u00e9s sur la dermatite atopique (DA) de l&rsquo;adulte, dans le but d&rsquo;identifier des interventions modificatrices de la maladie dans la DA chronique. Pour une liste compl\u00e8te des travaux publi\u00e9s par le Dr. Jack, veuillez visiter :<\/p>\n<p><a href=\"https:\/\/www.ncbi.nlm.nih.gov\/myncbi\/1dwy2dlQsgIM1O\/bibliography\/public\/\" target=\"_blank\" rel=\"noopener\">https:\/\/www.ncbi.nlm.nih.gov\/myncbi\/1dwy2dlQsgIM1O\/bibliography\/public\/<\/a><\/p>\n<h3>\n\t\tPublications :\n\t<\/h3>\n\t\t\t\t<ul>\n<li>Ratnarajah K, Le M, Muntyanu A, Mathieu S, Nigen S, Litvinov IV, Jack CS, Netchiporouk E. <a href=\"https:\/\/www.ncbi.nlm.nih.gov\/pubmed\/33350863\/\">Inhibition of IL-13: A New Pathway for Atopic Dermatitis [Formula: see text]. <\/a>J Cutan Med Surg. 2021 May-Jun;25(3):315-328. doi: 10.1177\/1203475420982553. Epub 2020 Dec 22. Review. PubMed PMID: 33350863.<\/li>\n<\/ul>\n\t\t\t\t<ul>\n<li>Maintz L, Bieber T, Bissonnette R, Jack C. <a href=\"https:\/\/www.ncbi.nlm.nih.gov\/pubmed\/33838840\/\">Measuring Atopic Dermatitis Disease Severity: The Potential for Electronic Tools to Benefit Clinical Care. <\/a>J Allergy Clin Immunol Pract. 2021 Apr;9(4):1473-1486.e2. doi: 10.1016\/j.jaip.2021.02.027. PubMed PMID: 33838840.<\/li>\n<\/ul>\n\t\t\t\t<ul>\n<li>He H, Bissonnette R, Wu J, Diaz A, Saint-Cyr Proulx E, Maari C, Jack C, Louis M, Estrada Y, Krueger JG, Zhang N, Pavel AB, Guttman-Yassky E. <a href=\"https:\/\/www.ncbi.nlm.nih.gov\/pubmed\/32709423\/\">Tape strips detect distinct immune and barrier profiles in atopic dermatitis and psoriasis. <\/a>J Allergy Clin Immunol. 2021 Jan;147(1):199-212. doi: 10.1016\/j.jaci.2020.05.048. Epub 2020 Jul 21. PubMed PMID: 32709423.<\/li>\n<\/ul>\n\t\t\t\t<ul>\n<li>\n<p>Papp, K. A., Hong, C-H, Lansang, M. P., Turchin, I., Adam, D. N., Beecker, J. R., Bissonnette, R., Gooderham, M. J., Jack, C., Joseph, M., Lynde, C. W., Shear, N. H. 2021. Practical Management of Patients with Atopic Dermatitis on Dupilumab. Dermatology &amp; Therapy. https:\/\/doi.org\/10.1007\/s13555-021-00586-w.<\/p>\n<\/li>\n<\/ul>\n\t\t\t\t<ul>\n<li>\n<p>Belmesk, L., Muntyanu, A., Cantin, E., AlHalees, Z., Jack, C., Le, M., Sasseville, D., Iannattone, L., Ben-Shoshan, M., Litvinov, I.V., Netchiporouk, E. 2021. Prominent Role of Type 2 Immunity in Skin Diseases-Beyond Atopic Dermatitis. J Cutan Med Surg. doi:10.1177\/12034754211027858.<\/p>\n<\/li>\n<\/ul>\n\t\t\t\t<ul>\n<li>Del Duca E, Pavel AB, Dubin C, Song T, Wallace EB, Peng X, Estrada YD, Xu H, Maari C, Jack C, St-Cyr Proulx E, Krueger JG, Bissonnette R, Guttman-Yassky E. <a href=\"https:\/\/www.ncbi.nlm.nih.gov\/pubmed\/31059695\/\">Major Differences in Expression of Inflammatory Pathways in Skin from Different Body Sites of Healthy Individuals. <\/a>J Invest Dermatol. 2019 Oct;139(10):2228-2232.e10. doi: 10.1016\/j.jid.2019.04.008. Epub 2019 May 3. PubMed PMID: 31059695.<\/li>\n<\/ul>\n\t\t\t\t<ul>\n<li>\nJack C, Mashiko S, Arbour N, Bissonnette R, Sarfati M. <a href=\"https:\/\/www.ncbi.nlm.nih.gov\/pubmed\/27599204\/\">Persistence of interleukin (IL)-17A+ T lymphocytes and IL-17A expression in treatment-resistant psoriatic plaques despite ustekinumab therapy. <\/a>Br J Dermatol. 2017 Jul;177(1):267-270. doi: 10.1111\/bjd.15029. Epub 2017 Jun 6. PubMed PMID: 27599204.\n<\/li>\n<\/ul>\n\t\t\t\t<ul>\n<li>Jack C, El Helou T. <a href=\"https:\/\/www.ncbi.nlm.nih.gov\/pubmed\/28017401\/\">Non-healing ulcerative paronychia. <\/a>Lancet. 2017 Apr 29; 389(10080):1740. doi: 10.1016\/S0140-6736(16)32400-X. Epub 2016 Dec 23. PubMed PMID: 28017401.<\/li>\n<\/ul>\n\t\t\t\t<ul>\n<li>\nJack C, Hazel E, Bernatsky S. <a href=\"https:\/\/www.ncbi.nlm.nih.gov\/pubmed\/21340567\/\">Something&rsquo;s missing here: a look at the quality of rheumatology referral letters. <\/a>Rheumatol Int. 2012 Apr;32(4):1083-5. doi: 10.1007\/s00296-011-1832-z. Epub 2011 Feb 22. PubMed PMID: 21340567.\n<\/li>\n<\/ul>\n\t\t\t\t<ul>\n<li>\nJack CS, Arbour N, Blain M, Meier UC, Prat A, Antel JP. <a href=\"https:\/\/www.ncbi.nlm.nih.gov\/pubmed\/17805015\/\">Th1 polarization of CD4+ T cells by Toll-like receptor 3-activated human microglia. <\/a>J Neuropathol Exp Neurol. 2007 Sep;66(9):848-59. doi: 10.1097\/nen.0b013e3181492a7. PubMed PMID: 17805015.\n<\/li>\n<\/ul>\n\t\t\t\t<ul>\n<li>Jack C, Antel J, Br\u00fcck W, Kuhlmann T. <a href=\"https:\/\/www.ncbi.nlm.nih.gov\/pubmed\/17437305\/\">Contrasting potential of nitric oxide and peroxynitrite to mediate oligodendrocyte injury in multiple sclerosis. <\/a>Glia. 2007 Jul;55(9):926-34. doi: 10.1002\/glia.20514. PubMed PMID: 17437305.<\/li>\n<\/ul>\n\t\t\t\t<ul>\n<li>\nShapiro AM, Jack CS, Lapierre Y, Arbour N, Bar-Or A, Antel JP. <a href=\"https:\/\/www.ncbi.nlm.nih.gov\/pubmed\/16966508\/\">Potential for interferon beta-induced serum antibodies in multiple sclerosis to inhibit endogenous interferon-regulated chemokine\/cytokine responses within the central nervous system. <\/a>Arch Neurol. 2006 Sep; 63(9):1296-9. doi: 10.1001\/archneur.63.9.1296. PubMed PMID: 16966508.\n<\/li>\n<\/ul>\n\t\t\t\t<ul>\n<li>\nWiendl H, Feger U, Mittelbronn M, Jack C, Schreiner B, Stadelmann C, Antel J, Brueck W, Meyermann R, Bar-Or A, Kieseier BC, Weller M. <a href=\"https:\/\/www.ncbi.nlm.nih.gov\/pubmed\/16123145\/\">Expression of the immune-tolerogenic major histocompatibility molecule HLA-G in multiple sclerosis: implications for CNS immunity. <\/a>Brain. 2005 Nov;128(Pt 11):2689-704. doi: 10.1093\/brain\/awh609. Epub 2005 Aug 25. PubMed PMID: 16123145.\n<\/li>\n<\/ul>\n\t\t\t\t<ul>\n<li>\nJack CS, Arbour N, Manusow J, Montgrain V, Blain M, McCrea E, Shapiro A, Antel JP. <a href=\"https:\/\/www.ncbi.nlm.nih.gov\/pubmed\/16177072\/\">TLR signaling tailors innate immune responses in human microglia and astrocytes. <\/a>J Immunol. 2005 Oct 1;175(7):4320-30. doi: 10.4049\/jimmunol.175.7.4320. PubMed PMID: 16177072.\n<\/li>\n<\/ul>\n\t\t\t\t<ul>\n<li>\nJack C, Ruffini F, Bar-Or A, Antel JP. <a href=\"https:\/\/www.ncbi.nlm.nih.gov\/pubmed\/15948188\/\">Microglia and multiple sclerosis. <\/a>J Neurosci Res. 2005 Aug 1;81(3):363-73. doi: 10.1002\/jnr.20482. Review. PubMed PMID: 15948188.\n<\/li>\n<\/ul>\n\t\t\t\t<ul>\n<li>\nMagnus T, Schreiner B, Korn T, Jack C, Guo H, Antel J, Ifergan I, Chen L, Bischof F, Bar-Or A, Wiendl H. <a href=\"https:\/\/www.ncbi.nlm.nih.gov\/pubmed\/15758163\/\">Microglial expression of the B7 family member B7 homolog 1 confers strong immune inhibition: implications for immune responses and autoimmunity in the CNS. <\/a>J Neurosci. 2005 Mar 9;25(10):2537-46. doi: 10.1523\/JNEUROSCI.4794-04.2005. PubMed PMID: 15758163; PubMed Central PMCID: PMC6725171.\n<\/li>\n<\/ul>\n\n","protected":false},"excerpt":{"rendered":"<p>Publications Le Dr Carolyn Jack est dermatologue et immunologiste form\u00e9e au doctorat. Elle poss\u00e8de une expertise en biologie mol\u00e9culaire, en immunologie cellulaire, en immunoph\u00e9notypage de cellules et de tissus humains primaires, en mod\u00e9lisation pr\u00e9clinique de maladies humaines in vitro et en essais cliniques bas\u00e9s sur des biosp\u00e9cimens de peau. Elle occupe les postes de professeure [&hellip;]<\/p>\n","protected":false},"author":3,"featured_media":0,"parent":0,"menu_order":0,"comment_status":"closed","ping_status":"closed","template":"","meta":{"site-sidebar-layout":"no-sidebar","site-content-layout":"page-builder","ast-site-content-layout":"default","site-content-style":"default","site-sidebar-style":"default","ast-global-header-display":"","ast-banner-title-visibility":"","ast-main-header-display":"","ast-hfb-above-header-display":"","ast-hfb-below-header-display":"","ast-hfb-mobile-header-display":"","site-post-title":"disabled","ast-breadcrumbs-content":"","ast-featured-img":"disabled","footer-sml-layout":"","ast-disable-related-posts":"","theme-transparent-header-meta":"enabled","adv-header-id-meta":"","stick-header-meta":"default","header-above-stick-meta":"","header-main-stick-meta":"","header-below-stick-meta":"","astra-migrate-meta-layouts":"default","ast-page-background-enabled":"default","ast-page-background-meta":{"desktop":{"background-color":"","background-image":"","background-repeat":"repeat","background-position":"center center","background-size":"auto","background-attachment":"scroll","background-type":"","background-media":"","overlay-type":"","overlay-color":"","overlay-opacity":"","overlay-gradient":""},"tablet":{"background-color":"","background-image":"","background-repeat":"repeat","background-position":"center center","background-size":"auto","background-attachment":"scroll","background-type":"","background-media":"","overlay-type":"","overlay-color":"","overlay-opacity":"","overlay-gradient":""},"mobile":{"background-color":"","background-image":"","background-repeat":"repeat","background-position":"center center","background-size":"auto","background-attachment":"scroll","background-type":"","background-media":"","overlay-type":"","overlay-color":"","overlay-opacity":"","overlay-gradient":""}},"ast-content-background-meta":{"desktop":{"background-color":"var(--ast-global-color-5)","background-image":"","background-repeat":"repeat","background-position":"center center","background-size":"auto","background-attachment":"scroll","background-type":"","background-media":"","overlay-type":"","overlay-color":"","overlay-opacity":"","overlay-gradient":""},"tablet":{"background-color":"var(--ast-global-color-5)","background-image":"","background-repeat":"repeat","background-position":"center center","background-size":"auto","background-attachment":"scroll","background-type":"","background-media":"","overlay-type":"","overlay-color":"","overlay-opacity":"","overlay-gradient":""},"mobile":{"background-color":"var(--ast-global-color-5)","background-image":"","background-repeat":"repeat","background-position":"center center","background-size":"auto","background-attachment":"scroll","background-type":"","background-media":"","overlay-type":"","overlay-color":"","overlay-opacity":"","overlay-gradient":""}},"footnotes":""},"class_list":["post-939","page","type-page","status-publish","hentry"],"yoast_head":"<!-- This site is optimized with the Yoast SEO plugin v27.3 - https:\/\/yoast.com\/product\/yoast-seo-wordpress\/ -->\n<title>Publications | MUHC Centre of Excellence for Atopic Dermatitis<\/title>\n<meta name=\"robots\" content=\"index, follow, max-snippet:-1, max-image-preview:large, max-video-preview:-1\" \/>\n<link rel=\"canonical\" href=\"https:\/\/www.muhccoead.com\/fr\/publications\/\" \/>\n<meta property=\"og:locale\" content=\"fr_FR\" \/>\n<meta property=\"og:type\" content=\"article\" \/>\n<meta property=\"og:title\" content=\"Publications | MUHC Centre of Excellence for Atopic Dermatitis\" \/>\n<meta property=\"og:description\" content=\"Publications Le Dr Carolyn Jack est dermatologue et immunologiste form\u00e9e au doctorat. Elle poss\u00e8de une expertise en biologie mol\u00e9culaire, en immunologie cellulaire, en immunoph\u00e9notypage de cellules et de tissus humains primaires, en mod\u00e9lisation pr\u00e9clinique de maladies humaines in vitro et en essais cliniques bas\u00e9s sur des biosp\u00e9cimens de peau. Elle occupe les postes de professeure [&hellip;]\" \/>\n<meta property=\"og:url\" content=\"https:\/\/www.muhccoead.com\/fr\/publications\/\" \/>\n<meta property=\"og:site_name\" content=\"MUHC Centre of Excellence for Atopic Dermatitis\" \/>\n<meta property=\"article:modified_time\" content=\"2022-12-21T17:54:16+00:00\" \/>\n<meta property=\"og:image\" content=\"https:\/\/www.muhccoead.com\/wp-content\/uploads\/2022\/10\/dr-jack.png\" \/>\n<meta name=\"twitter:card\" content=\"summary_large_image\" \/>\n<meta name=\"twitter:label1\" content=\"Dur\u00e9e de lecture estim\u00e9e\" \/>\n\t<meta name=\"twitter:data1\" content=\"4 minutes\" \/>\n<script type=\"application\/ld+json\" class=\"yoast-schema-graph\">{\"@context\":\"https:\\\/\\\/schema.org\",\"@graph\":[{\"@type\":\"WebPage\",\"@id\":\"https:\\\/\\\/www.muhccoead.com\\\/fr\\\/publications\\\/\",\"url\":\"https:\\\/\\\/www.muhccoead.com\\\/fr\\\/publications\\\/\",\"name\":\"Publications | MUHC Centre of Excellence for Atopic Dermatitis\",\"isPartOf\":{\"@id\":\"https:\\\/\\\/www.muhccoead.com\\\/fr\\\/#website\"},\"primaryImageOfPage\":{\"@id\":\"https:\\\/\\\/www.muhccoead.com\\\/fr\\\/publications\\\/#primaryimage\"},\"image\":{\"@id\":\"https:\\\/\\\/www.muhccoead.com\\\/fr\\\/publications\\\/#primaryimage\"},\"thumbnailUrl\":\"https:\\\/\\\/www.muhccoead.com\\\/wp-content\\\/uploads\\\/2022\\\/10\\\/dr-jack.png\",\"datePublished\":\"2022-07-19T18:52:11+00:00\",\"dateModified\":\"2022-12-21T17:54:16+00:00\",\"breadcrumb\":{\"@id\":\"https:\\\/\\\/www.muhccoead.com\\\/fr\\\/publications\\\/#breadcrumb\"},\"inLanguage\":\"fr-FR\",\"potentialAction\":[{\"@type\":\"ReadAction\",\"target\":[\"https:\\\/\\\/www.muhccoead.com\\\/fr\\\/publications\\\/\"]}]},{\"@type\":\"ImageObject\",\"inLanguage\":\"fr-FR\",\"@id\":\"https:\\\/\\\/www.muhccoead.com\\\/fr\\\/publications\\\/#primaryimage\",\"url\":\"https:\\\/\\\/www.muhccoead.com\\\/wp-content\\\/uploads\\\/2022\\\/10\\\/dr-jack.png\",\"contentUrl\":\"https:\\\/\\\/www.muhccoead.com\\\/wp-content\\\/uploads\\\/2022\\\/10\\\/dr-jack.png\"},{\"@type\":\"BreadcrumbList\",\"@id\":\"https:\\\/\\\/www.muhccoead.com\\\/fr\\\/publications\\\/#breadcrumb\",\"itemListElement\":[{\"@type\":\"ListItem\",\"position\":1,\"name\":\"Home\",\"item\":\"https:\\\/\\\/www.muhccoead.com\\\/fr\\\/home\\\/\"},{\"@type\":\"ListItem\",\"position\":2,\"name\":\"Publications\"}]},{\"@type\":\"WebSite\",\"@id\":\"https:\\\/\\\/www.muhccoead.com\\\/fr\\\/#website\",\"url\":\"https:\\\/\\\/www.muhccoead.com\\\/fr\\\/\",\"name\":\"MUHC Centre of Excellence for Atopic Dermatitis\",\"description\":\"Dermatogenix\",\"publisher\":{\"@id\":\"https:\\\/\\\/www.muhccoead.com\\\/fr\\\/#organization\"},\"potentialAction\":[{\"@type\":\"SearchAction\",\"target\":{\"@type\":\"EntryPoint\",\"urlTemplate\":\"https:\\\/\\\/www.muhccoead.com\\\/fr\\\/?s={search_term_string}\"},\"query-input\":{\"@type\":\"PropertyValueSpecification\",\"valueRequired\":true,\"valueName\":\"search_term_string\"}}],\"inLanguage\":\"fr-FR\"},{\"@type\":\"Organization\",\"@id\":\"https:\\\/\\\/www.muhccoead.com\\\/fr\\\/#organization\",\"name\":\"MUHC Centre of Excellence for Atopic Dermatitis\",\"url\":\"https:\\\/\\\/www.muhccoead.com\\\/fr\\\/\",\"logo\":{\"@type\":\"ImageObject\",\"inLanguage\":\"fr-FR\",\"@id\":\"https:\\\/\\\/www.muhccoead.com\\\/fr\\\/#\\\/schema\\\/logo\\\/image\\\/\",\"url\":\"https:\\\/\\\/www.muhccoead.com\\\/wp-content\\\/uploads\\\/2022\\\/09\\\/MUHC-COE-AD-Logo.png\",\"contentUrl\":\"https:\\\/\\\/www.muhccoead.com\\\/wp-content\\\/uploads\\\/2022\\\/09\\\/MUHC-COE-AD-Logo.png\",\"width\":249,\"height\":229,\"caption\":\"MUHC Centre of Excellence for Atopic Dermatitis\"},\"image\":{\"@id\":\"https:\\\/\\\/www.muhccoead.com\\\/fr\\\/#\\\/schema\\\/logo\\\/image\\\/\"}}]}<\/script>\n<!-- \/ Yoast SEO plugin. -->","yoast_head_json":{"title":"Publications | MUHC Centre of Excellence for Atopic Dermatitis","robots":{"index":"index","follow":"follow","max-snippet":"max-snippet:-1","max-image-preview":"max-image-preview:large","max-video-preview":"max-video-preview:-1"},"canonical":"https:\/\/www.muhccoead.com\/fr\/publications\/","og_locale":"fr_FR","og_type":"article","og_title":"Publications | MUHC Centre of Excellence for Atopic Dermatitis","og_description":"Publications Le Dr Carolyn Jack est dermatologue et immunologiste form\u00e9e au doctorat. Elle poss\u00e8de une expertise en biologie mol\u00e9culaire, en immunologie cellulaire, en immunoph\u00e9notypage de cellules et de tissus humains primaires, en mod\u00e9lisation pr\u00e9clinique de maladies humaines in vitro et en essais cliniques bas\u00e9s sur des biosp\u00e9cimens de peau. Elle occupe les postes de professeure [&hellip;]","og_url":"https:\/\/www.muhccoead.com\/fr\/publications\/","og_site_name":"MUHC Centre of Excellence for Atopic Dermatitis","article_modified_time":"2022-12-21T17:54:16+00:00","og_image":[{"url":"https:\/\/www.muhccoead.com\/wp-content\/uploads\/2022\/10\/dr-jack.png","type":"","width":"","height":""}],"twitter_card":"summary_large_image","twitter_misc":{"Dur\u00e9e de lecture estim\u00e9e":"4 minutes"},"schema":{"@context":"https:\/\/schema.org","@graph":[{"@type":"WebPage","@id":"https:\/\/www.muhccoead.com\/fr\/publications\/","url":"https:\/\/www.muhccoead.com\/fr\/publications\/","name":"Publications | MUHC Centre of Excellence for Atopic Dermatitis","isPartOf":{"@id":"https:\/\/www.muhccoead.com\/fr\/#website"},"primaryImageOfPage":{"@id":"https:\/\/www.muhccoead.com\/fr\/publications\/#primaryimage"},"image":{"@id":"https:\/\/www.muhccoead.com\/fr\/publications\/#primaryimage"},"thumbnailUrl":"https:\/\/www.muhccoead.com\/wp-content\/uploads\/2022\/10\/dr-jack.png","datePublished":"2022-07-19T18:52:11+00:00","dateModified":"2022-12-21T17:54:16+00:00","breadcrumb":{"@id":"https:\/\/www.muhccoead.com\/fr\/publications\/#breadcrumb"},"inLanguage":"fr-FR","potentialAction":[{"@type":"ReadAction","target":["https:\/\/www.muhccoead.com\/fr\/publications\/"]}]},{"@type":"ImageObject","inLanguage":"fr-FR","@id":"https:\/\/www.muhccoead.com\/fr\/publications\/#primaryimage","url":"https:\/\/www.muhccoead.com\/wp-content\/uploads\/2022\/10\/dr-jack.png","contentUrl":"https:\/\/www.muhccoead.com\/wp-content\/uploads\/2022\/10\/dr-jack.png"},{"@type":"BreadcrumbList","@id":"https:\/\/www.muhccoead.com\/fr\/publications\/#breadcrumb","itemListElement":[{"@type":"ListItem","position":1,"name":"Home","item":"https:\/\/www.muhccoead.com\/fr\/home\/"},{"@type":"ListItem","position":2,"name":"Publications"}]},{"@type":"WebSite","@id":"https:\/\/www.muhccoead.com\/fr\/#website","url":"https:\/\/www.muhccoead.com\/fr\/","name":"MUHC Centre of Excellence for Atopic Dermatitis","description":"Dermatogenix","publisher":{"@id":"https:\/\/www.muhccoead.com\/fr\/#organization"},"potentialAction":[{"@type":"SearchAction","target":{"@type":"EntryPoint","urlTemplate":"https:\/\/www.muhccoead.com\/fr\/?s={search_term_string}"},"query-input":{"@type":"PropertyValueSpecification","valueRequired":true,"valueName":"search_term_string"}}],"inLanguage":"fr-FR"},{"@type":"Organization","@id":"https:\/\/www.muhccoead.com\/fr\/#organization","name":"MUHC Centre of Excellence for Atopic Dermatitis","url":"https:\/\/www.muhccoead.com\/fr\/","logo":{"@type":"ImageObject","inLanguage":"fr-FR","@id":"https:\/\/www.muhccoead.com\/fr\/#\/schema\/logo\/image\/","url":"https:\/\/www.muhccoead.com\/wp-content\/uploads\/2022\/09\/MUHC-COE-AD-Logo.png","contentUrl":"https:\/\/www.muhccoead.com\/wp-content\/uploads\/2022\/09\/MUHC-COE-AD-Logo.png","width":249,"height":229,"caption":"MUHC Centre of Excellence for Atopic Dermatitis"},"image":{"@id":"https:\/\/www.muhccoead.com\/fr\/#\/schema\/logo\/image\/"}}]}},"featured_image_src":null,"featured_image_src_square":null,"_links":{"self":[{"href":"https:\/\/www.muhccoead.com\/fr\/wp-json\/wp\/v2\/pages\/939","targetHints":{"allow":["GET"]}}],"collection":[{"href":"https:\/\/www.muhccoead.com\/fr\/wp-json\/wp\/v2\/pages"}],"about":[{"href":"https:\/\/www.muhccoead.com\/fr\/wp-json\/wp\/v2\/types\/page"}],"author":[{"embeddable":true,"href":"https:\/\/www.muhccoead.com\/fr\/wp-json\/wp\/v2\/users\/3"}],"replies":[{"embeddable":true,"href":"https:\/\/www.muhccoead.com\/fr\/wp-json\/wp\/v2\/comments?post=939"}],"version-history":[{"count":0,"href":"https:\/\/www.muhccoead.com\/fr\/wp-json\/wp\/v2\/pages\/939\/revisions"}],"wp:attachment":[{"href":"https:\/\/www.muhccoead.com\/fr\/wp-json\/wp\/v2\/media?parent=939"}],"curies":[{"name":"wp","href":"https:\/\/api.w.org\/{rel}","templated":true}]}}