{"id":938,"date":"2022-08-16T17:13:34","date_gmt":"2022-08-16T17:13:34","guid":{"rendered":"https:\/\/dermatogenix.wpengine.com\/observatoires\/"},"modified":"2022-12-21T17:56:46","modified_gmt":"2022-12-21T17:56:46","slug":"observatoires","status":"publish","type":"page","link":"https:\/\/www.muhccoead.com\/fr\/observatoires\/","title":{"rendered":"Observatoires"},"content":{"rendered":"\n\n\t\t\t<h1>Observatoires<\/h1>\n\t\t\t\t<img loading=\"lazy\" decoding=\"async\" src=\"https:\/\/www.muhccoead.com\/wp-content\/uploads\/2021\/03\/lab.jpg\" alt=\"lab\" itemprop=\"image\" height=\"270\" width=\"370\" title=\"lab\" onerror=\"this.style.display='none'\"  \/>\n\t<p>Le COE AD du CUSM est un site de formation pour les \u00e9tudiants en m\u00e9decine, les r\u00e9sidents en dermatologie et les m\u00e9decins en formation. Si vous \u00eates un clinicien int\u00e9ress\u00e9 par une visite de la clinique et de son cadre institutionnel, veuillez contacter<a href=\"mailto:muhc.coe.ad@gmail.com\">  muhc.coe.ad@gmail.com<\/a>  pour plus d&rsquo;informations, y compris un aper\u00e7u des informations requises pour soumettre une demande (cela inclut les dossiers de vaccination, une copie de la licence m\u00e9dicale du candidat, et une copie de son passeport +\/- les exigences de visa (s&rsquo;il n&rsquo;y a pas d&rsquo;exigences de visa, toute pi\u00e8ce d&rsquo;identit\u00e9 gouvernementale avec photo suffira).<\/p>\n\t<h3>Cohorte de patients adultes atteints de la MA<\/h3>\n<p>Le CUSM COE AD abrite d\u00e9sormais la plus grande cohorte universitaire canadienne de patients adultes atteints de la maladie d&rsquo;Alzheimer qui consentent \u00e0 une recherche approuv\u00e9e par le CER. La biobanque et la base de donn\u00e9es \u00ab\u00a0Dermatite\u00a0\u00bb sont g\u00e9r\u00e9es en collaboration avec le Centre transdisciplinaire pour les th\u00e9rapies biologiques (Drs Mazer et McCusker) pour les op\u00e9rations bancaires. Le projet approuv\u00e9 par le CER \u00ab\u00a0Crosstalk &#8211; Unraveling the Crosstalk of Cutaneous Resident Memory T Cells and S. Aureus in Atopic Eczema\u00a0\u00bb a une participation d&rsquo;environ 25 % dans le biosampling.<\/p>\n<p>Le recrutement des sujets est effectu\u00e9 sur place \u00e0 l&rsquo;AD COE du CUSM par deux coordinateurs de recherche clinique. Les donn\u00e9es cliniques et longitudinales sont collect\u00e9es et saisies dans la base de donn\u00e9es en temps r\u00e9el. Les donn\u00e9es peuvent \u00eatre r\u00e9cup\u00e9r\u00e9es, visualis\u00e9es et export\u00e9es pour r\u00e9pondre \u00e0 des questions scientifiques.<\/p>\n<p>Les faits saillants de cette cohorte ont \u00e9t\u00e9 pr\u00e9sent\u00e9s lors de la r\u00e9union annuelle 2022 de la Society for Investigative (SID) \u00e0 Portland, OR (\u00ab\u00a0Health-related quality of life in a Canadian atopic dermatitis cohort\u00a0\u00bb).<\/p>\n\n","protected":false},"excerpt":{"rendered":"<p>Observatoires Le COE AD du CUSM est un site de formation pour les \u00e9tudiants en m\u00e9decine, les r\u00e9sidents en dermatologie et les m\u00e9decins en formation. Si vous \u00eates un clinicien int\u00e9ress\u00e9 par une visite de la clinique et de son cadre institutionnel, veuillez contacter muhc.coe.ad@gmail.com pour plus d&rsquo;informations, y compris un aper\u00e7u des informations requises [&hellip;]<\/p>\n","protected":false},"author":3,"featured_media":0,"parent":0,"menu_order":0,"comment_status":"closed","ping_status":"closed","template":"","meta":{"site-sidebar-layout":"no-sidebar","site-content-layout":"page-builder","ast-site-content-layout":"default","site-content-style":"default","site-sidebar-style":"default","ast-global-header-display":"","ast-banner-title-visibility":"","ast-main-header-display":"","ast-hfb-above-header-display":"","ast-hfb-below-header-display":"","ast-hfb-mobile-header-display":"","site-post-title":"disabled","ast-breadcrumbs-content":"","ast-featured-img":"disabled","footer-sml-layout":"","ast-disable-related-posts":"","theme-transparent-header-meta":"enabled","adv-header-id-meta":"","stick-header-meta":"default","header-above-stick-meta":"","header-main-stick-meta":"","header-below-stick-meta":"","astra-migrate-meta-layouts":"default","ast-page-background-enabled":"default","ast-page-background-meta":{"desktop":{"background-color":"","background-image":"","background-repeat":"repeat","background-position":"center center","background-size":"auto","background-attachment":"scroll","background-type":"","background-media":"","overlay-type":"","overlay-color":"","overlay-opacity":"","overlay-gradient":""},"tablet":{"background-color":"","background-image":"","background-repeat":"repeat","background-position":"center center","background-size":"auto","background-attachment":"scroll","background-type":"","background-media":"","overlay-type":"","overlay-color":"","overlay-opacity":"","overlay-gradient":""},"mobile":{"background-color":"","background-image":"","background-repeat":"repeat","background-position":"center center","background-size":"auto","background-attachment":"scroll","background-type":"","background-media":"","overlay-type":"","overlay-color":"","overlay-opacity":"","overlay-gradient":""}},"ast-content-background-meta":{"desktop":{"background-color":"var(--ast-global-color-5)","background-image":"","background-repeat":"repeat","background-position":"center center","background-size":"auto","background-attachment":"scroll","background-type":"","background-media":"","overlay-type":"","overlay-color":"","overlay-opacity":"","overlay-gradient":""},"tablet":{"background-color":"var(--ast-global-color-5)","background-image":"","background-repeat":"repeat","background-position":"center center","background-size":"auto","background-attachment":"scroll","background-type":"","background-media":"","overlay-type":"","overlay-color":"","overlay-opacity":"","overlay-gradient":""},"mobile":{"background-color":"var(--ast-global-color-5)","background-image":"","background-repeat":"repeat","background-position":"center center","background-size":"auto","background-attachment":"scroll","background-type":"","background-media":"","overlay-type":"","overlay-color":"","overlay-opacity":"","overlay-gradient":""}},"footnotes":""},"class_list":["post-938","page","type-page","status-publish","hentry"],"yoast_head":"<!-- This site is optimized with the Yoast SEO plugin v27.4 - https:\/\/yoast.com\/product\/yoast-seo-wordpress\/ -->\n<title>Observatoires | MUHC Centre of Excellence for Atopic Dermatitis<\/title>\n<meta name=\"robots\" content=\"index, follow, max-snippet:-1, max-image-preview:large, max-video-preview:-1\" \/>\n<link rel=\"canonical\" href=\"https:\/\/www.muhccoead.com\/fr\/observatoires\/\" \/>\n<meta property=\"og:locale\" content=\"fr_FR\" \/>\n<meta property=\"og:type\" content=\"article\" \/>\n<meta property=\"og:title\" content=\"Observatoires | MUHC Centre of Excellence for Atopic Dermatitis\" \/>\n<meta property=\"og:description\" content=\"Observatoires Le COE AD du CUSM est un site de formation pour les \u00e9tudiants en m\u00e9decine, les r\u00e9sidents en dermatologie et les m\u00e9decins en formation. Si vous \u00eates un clinicien int\u00e9ress\u00e9 par une visite de la clinique et de son cadre institutionnel, veuillez contacter muhc.coe.ad@gmail.com pour plus d&rsquo;informations, y compris un aper\u00e7u des informations requises [&hellip;]\" \/>\n<meta property=\"og:url\" content=\"https:\/\/www.muhccoead.com\/fr\/observatoires\/\" \/>\n<meta property=\"og:site_name\" content=\"MUHC Centre of Excellence for Atopic Dermatitis\" \/>\n<meta property=\"article:modified_time\" content=\"2022-12-21T17:56:46+00:00\" \/>\n<meta property=\"og:image\" content=\"https:\/\/www.muhccoead.com\/wp-content\/uploads\/2021\/03\/lab.jpg\" \/>\n<meta name=\"twitter:card\" content=\"summary_large_image\" \/>\n<meta name=\"twitter:label1\" content=\"Dur\u00e9e de lecture estim\u00e9e\" \/>\n\t<meta name=\"twitter:data1\" content=\"2 minutes\" \/>\n<script type=\"application\/ld+json\" class=\"yoast-schema-graph\">{\"@context\":\"https:\\\/\\\/schema.org\",\"@graph\":[{\"@type\":\"WebPage\",\"@id\":\"https:\\\/\\\/www.muhccoead.com\\\/fr\\\/observatoires\\\/\",\"url\":\"https:\\\/\\\/www.muhccoead.com\\\/fr\\\/observatoires\\\/\",\"name\":\"Observatoires | MUHC Centre of Excellence for Atopic Dermatitis\",\"isPartOf\":{\"@id\":\"https:\\\/\\\/www.muhccoead.com\\\/fr\\\/#website\"},\"primaryImageOfPage\":{\"@id\":\"https:\\\/\\\/www.muhccoead.com\\\/fr\\\/observatoires\\\/#primaryimage\"},\"image\":{\"@id\":\"https:\\\/\\\/www.muhccoead.com\\\/fr\\\/observatoires\\\/#primaryimage\"},\"thumbnailUrl\":\"https:\\\/\\\/www.muhccoead.com\\\/wp-content\\\/uploads\\\/2021\\\/03\\\/lab.jpg\",\"datePublished\":\"2022-08-16T17:13:34+00:00\",\"dateModified\":\"2022-12-21T17:56:46+00:00\",\"breadcrumb\":{\"@id\":\"https:\\\/\\\/www.muhccoead.com\\\/fr\\\/observatoires\\\/#breadcrumb\"},\"inLanguage\":\"fr-FR\",\"potentialAction\":[{\"@type\":\"ReadAction\",\"target\":[\"https:\\\/\\\/www.muhccoead.com\\\/fr\\\/observatoires\\\/\"]}]},{\"@type\":\"ImageObject\",\"inLanguage\":\"fr-FR\",\"@id\":\"https:\\\/\\\/www.muhccoead.com\\\/fr\\\/observatoires\\\/#primaryimage\",\"url\":\"https:\\\/\\\/www.muhccoead.com\\\/wp-content\\\/uploads\\\/2021\\\/03\\\/lab.jpg\",\"contentUrl\":\"https:\\\/\\\/www.muhccoead.com\\\/wp-content\\\/uploads\\\/2021\\\/03\\\/lab.jpg\"},{\"@type\":\"BreadcrumbList\",\"@id\":\"https:\\\/\\\/www.muhccoead.com\\\/fr\\\/observatoires\\\/#breadcrumb\",\"itemListElement\":[{\"@type\":\"ListItem\",\"position\":1,\"name\":\"Home\",\"item\":\"https:\\\/\\\/www.muhccoead.com\\\/fr\\\/home\\\/\"},{\"@type\":\"ListItem\",\"position\":2,\"name\":\"Observatoires\"}]},{\"@type\":\"WebSite\",\"@id\":\"https:\\\/\\\/www.muhccoead.com\\\/fr\\\/#website\",\"url\":\"https:\\\/\\\/www.muhccoead.com\\\/fr\\\/\",\"name\":\"MUHC Centre of Excellence for Atopic Dermatitis\",\"description\":\"Dermatogenix\",\"publisher\":{\"@id\":\"https:\\\/\\\/www.muhccoead.com\\\/fr\\\/#organization\"},\"potentialAction\":[{\"@type\":\"SearchAction\",\"target\":{\"@type\":\"EntryPoint\",\"urlTemplate\":\"https:\\\/\\\/www.muhccoead.com\\\/fr\\\/?s={search_term_string}\"},\"query-input\":{\"@type\":\"PropertyValueSpecification\",\"valueRequired\":true,\"valueName\":\"search_term_string\"}}],\"inLanguage\":\"fr-FR\"},{\"@type\":\"Organization\",\"@id\":\"https:\\\/\\\/www.muhccoead.com\\\/fr\\\/#organization\",\"name\":\"MUHC Centre of Excellence for Atopic Dermatitis\",\"url\":\"https:\\\/\\\/www.muhccoead.com\\\/fr\\\/\",\"logo\":{\"@type\":\"ImageObject\",\"inLanguage\":\"fr-FR\",\"@id\":\"https:\\\/\\\/www.muhccoead.com\\\/fr\\\/#\\\/schema\\\/logo\\\/image\\\/\",\"url\":\"https:\\\/\\\/www.muhccoead.com\\\/wp-content\\\/uploads\\\/2022\\\/09\\\/MUHC-COE-AD-Logo.png\",\"contentUrl\":\"https:\\\/\\\/www.muhccoead.com\\\/wp-content\\\/uploads\\\/2022\\\/09\\\/MUHC-COE-AD-Logo.png\",\"width\":249,\"height\":229,\"caption\":\"MUHC Centre of Excellence for Atopic Dermatitis\"},\"image\":{\"@id\":\"https:\\\/\\\/www.muhccoead.com\\\/fr\\\/#\\\/schema\\\/logo\\\/image\\\/\"}}]}<\/script>\n<!-- \/ Yoast SEO plugin. -->","yoast_head_json":{"title":"Observatoires | MUHC Centre of Excellence for Atopic Dermatitis","robots":{"index":"index","follow":"follow","max-snippet":"max-snippet:-1","max-image-preview":"max-image-preview:large","max-video-preview":"max-video-preview:-1"},"canonical":"https:\/\/www.muhccoead.com\/fr\/observatoires\/","og_locale":"fr_FR","og_type":"article","og_title":"Observatoires | MUHC Centre of Excellence for Atopic Dermatitis","og_description":"Observatoires Le COE AD du CUSM est un site de formation pour les \u00e9tudiants en m\u00e9decine, les r\u00e9sidents en dermatologie et les m\u00e9decins en formation. Si vous \u00eates un clinicien int\u00e9ress\u00e9 par une visite de la clinique et de son cadre institutionnel, veuillez contacter muhc.coe.ad@gmail.com pour plus d&rsquo;informations, y compris un aper\u00e7u des informations requises [&hellip;]","og_url":"https:\/\/www.muhccoead.com\/fr\/observatoires\/","og_site_name":"MUHC Centre of Excellence for Atopic Dermatitis","article_modified_time":"2022-12-21T17:56:46+00:00","og_image":[{"url":"https:\/\/www.muhccoead.com\/wp-content\/uploads\/2021\/03\/lab.jpg","type":"","width":"","height":""}],"twitter_card":"summary_large_image","twitter_misc":{"Dur\u00e9e de lecture estim\u00e9e":"2 minutes"},"schema":{"@context":"https:\/\/schema.org","@graph":[{"@type":"WebPage","@id":"https:\/\/www.muhccoead.com\/fr\/observatoires\/","url":"https:\/\/www.muhccoead.com\/fr\/observatoires\/","name":"Observatoires | MUHC Centre of Excellence for Atopic Dermatitis","isPartOf":{"@id":"https:\/\/www.muhccoead.com\/fr\/#website"},"primaryImageOfPage":{"@id":"https:\/\/www.muhccoead.com\/fr\/observatoires\/#primaryimage"},"image":{"@id":"https:\/\/www.muhccoead.com\/fr\/observatoires\/#primaryimage"},"thumbnailUrl":"https:\/\/www.muhccoead.com\/wp-content\/uploads\/2021\/03\/lab.jpg","datePublished":"2022-08-16T17:13:34+00:00","dateModified":"2022-12-21T17:56:46+00:00","breadcrumb":{"@id":"https:\/\/www.muhccoead.com\/fr\/observatoires\/#breadcrumb"},"inLanguage":"fr-FR","potentialAction":[{"@type":"ReadAction","target":["https:\/\/www.muhccoead.com\/fr\/observatoires\/"]}]},{"@type":"ImageObject","inLanguage":"fr-FR","@id":"https:\/\/www.muhccoead.com\/fr\/observatoires\/#primaryimage","url":"https:\/\/www.muhccoead.com\/wp-content\/uploads\/2021\/03\/lab.jpg","contentUrl":"https:\/\/www.muhccoead.com\/wp-content\/uploads\/2021\/03\/lab.jpg"},{"@type":"BreadcrumbList","@id":"https:\/\/www.muhccoead.com\/fr\/observatoires\/#breadcrumb","itemListElement":[{"@type":"ListItem","position":1,"name":"Home","item":"https:\/\/www.muhccoead.com\/fr\/home\/"},{"@type":"ListItem","position":2,"name":"Observatoires"}]},{"@type":"WebSite","@id":"https:\/\/www.muhccoead.com\/fr\/#website","url":"https:\/\/www.muhccoead.com\/fr\/","name":"MUHC Centre of Excellence for Atopic Dermatitis","description":"Dermatogenix","publisher":{"@id":"https:\/\/www.muhccoead.com\/fr\/#organization"},"potentialAction":[{"@type":"SearchAction","target":{"@type":"EntryPoint","urlTemplate":"https:\/\/www.muhccoead.com\/fr\/?s={search_term_string}"},"query-input":{"@type":"PropertyValueSpecification","valueRequired":true,"valueName":"search_term_string"}}],"inLanguage":"fr-FR"},{"@type":"Organization","@id":"https:\/\/www.muhccoead.com\/fr\/#organization","name":"MUHC Centre of Excellence for Atopic Dermatitis","url":"https:\/\/www.muhccoead.com\/fr\/","logo":{"@type":"ImageObject","inLanguage":"fr-FR","@id":"https:\/\/www.muhccoead.com\/fr\/#\/schema\/logo\/image\/","url":"https:\/\/www.muhccoead.com\/wp-content\/uploads\/2022\/09\/MUHC-COE-AD-Logo.png","contentUrl":"https:\/\/www.muhccoead.com\/wp-content\/uploads\/2022\/09\/MUHC-COE-AD-Logo.png","width":249,"height":229,"caption":"MUHC Centre of Excellence for Atopic Dermatitis"},"image":{"@id":"https:\/\/www.muhccoead.com\/fr\/#\/schema\/logo\/image\/"}}]}},"featured_image_src":null,"featured_image_src_square":null,"_links":{"self":[{"href":"https:\/\/www.muhccoead.com\/fr\/wp-json\/wp\/v2\/pages\/938","targetHints":{"allow":["GET"]}}],"collection":[{"href":"https:\/\/www.muhccoead.com\/fr\/wp-json\/wp\/v2\/pages"}],"about":[{"href":"https:\/\/www.muhccoead.com\/fr\/wp-json\/wp\/v2\/types\/page"}],"author":[{"embeddable":true,"href":"https:\/\/www.muhccoead.com\/fr\/wp-json\/wp\/v2\/users\/3"}],"replies":[{"embeddable":true,"href":"https:\/\/www.muhccoead.com\/fr\/wp-json\/wp\/v2\/comments?post=938"}],"version-history":[{"count":0,"href":"https:\/\/www.muhccoead.com\/fr\/wp-json\/wp\/v2\/pages\/938\/revisions"}],"wp:attachment":[{"href":"https:\/\/www.muhccoead.com\/fr\/wp-json\/wp\/v2\/media?parent=938"}],"curies":[{"name":"wp","href":"https:\/\/api.w.org\/{rel}","templated":true}]}}