{"id":937,"date":"2022-09-16T14:10:52","date_gmt":"2022-09-16T14:10:52","guid":{"rendered":"https:\/\/dermatogenix.wpengine.com\/interets-de-recherche\/"},"modified":"2024-01-30T14:29:05","modified_gmt":"2024-01-30T14:29:05","slug":"interets-de-recherche","status":"publish","type":"page","link":"https:\/\/www.muhccoead.com\/fr\/interets-de-recherche\/","title":{"rendered":"Int\u00e9r\u00eats de recherche"},"content":{"rendered":"\n\n\t\t\t<h1>Recherche<\/h1>\n\t<h3><b><i>\u00ab\u00a0Nous croyons que la m\u00e9decine de demain sera collaborative.\u00a0\u00bb<\/i><\/b><\/h3>\n<p>Le Dre Jack et ses collaborateurs cherchent \u00e0 r\u00e9pondre \u00e0 une question simple mais sans r\u00e9ponse : \u00a0\u00bb Pourquoi la dermatite atopique (ecz\u00e9ma) persiste-t-elle tout au long de la vie et quel est le rapport avec la bact\u00e9rie Staphylococcus aureus ? \u00a0\u00bb En tant que chercheur-boursier en recherche clinique du FRQS (<a href=\"https:\/\/idigh.ca\/en\/news\/all-news\/kudos\/congratulations-to-the-2023-frq-award-recipients\">cliquez ici pour en savoir plus<\/a>), le Dre Jack dirige le seul programme universitaire de recherche sur la dermatite atopique au Canada, avec un laboratoire fondamental situ\u00e9 \u00e0 <a href=\"https:\/\/www.mcgill.ca\/expmed\/dr-carolyn-jack\">l&rsquo;Institut de recherche du CUSM (IR CUSM)<\/a>. Le programme de recherche du Dre Jack s&rsquo;efforce de relier les parties prenantes et de valoriser l&rsquo;exp\u00e9rience et les connaissances des patients sur leur maladie, en collaboration avec des cliniciens et des chercheurs experts.<\/p>\n\t\t\t\t<img loading=\"lazy\" decoding=\"async\" src=\"https:\/\/www.muhccoead.com\/wp-content\/uploads\/2023\/09\/Screenshot-2023-09-14-at-5.24.16-PM.png\" alt=\"Screenshot 2023-09-14 at 5.24.16 PM\" itemprop=\"image\" height=\"884\" width=\"1586\" title=\"Screenshot 2023-09-14 at 5.24.16 PM\" onerror=\"this.style.display='none'\"  \/>\n\t<p>Le programme de recherche du Dre Jack vise \u00e0 r\u00e9pondre \u00e0 la question simple mais sans r\u00e9ponse : \u00a0\u00bb Pourquoi la dermatite atopique persiste-t-elle et quel est le rapport avec la bact\u00e9rie Staphylococcus aureus ? \u00a0\u00bb En tant que chercheuse-boursi\u00e8re clinicienne du FRQS (<a href=\"https:\/\/idigh.ca\/en\/news\/all-news\/kudos\/congratulations-to-the-2023-frq-award-recipients\">cliquez ici pour en savoir plus<\/a>), la Dre Jack dirige le seul programme universitaire de recherche sur la dermatite atopique au Canada, avec un laboratoire humide fondamental situ\u00e9 \u00e0 <a href=\"https:\/\/www.mcgill.ca\/expmed\/dr-carolyn-jack\">l&rsquo;Institut de recherche du CUSM<\/a>, adjacent \u00e0 sa clinique. Le programme de recherche du Dre Jack s&rsquo;efforce de relier les parties prenantes et de valoriser l&rsquo;exp\u00e9rience et les connaissances des patients sur leur maladie, en collaboration avec des cliniciens et des chercheurs experts.<\/p>\n<p><strong>Pourquoi cette recherche est-elle n\u00e9cessaire ?<\/strong><\/p>\n<p>La dermatite atopique est non seulement la maladie cutan\u00e9e la plus courante, mais aussi la plus lourde au monde, et elle est \u00e9troitement li\u00e9e \u00e0 l&rsquo;asthme et aux allergies. On sait aujourd&rsquo;hui qu&rsquo;il est courant de souffrir de dermatite atopique tout au long de sa vie, et que les adultes ont souvent plus de mal \u00e0 se faire soigner, que l&rsquo;inflammation de la peau est plus grave et que les cellules immunitaires du sang subissent davantage de modifications. Les raisons ne sont pas claires, mais un dixi\u00e8me des adultes d\u00e9veloppent une dermatite atopique \u00e0 un stade avanc\u00e9 de leur vie, de sorte que les facteurs environnementaux peuvent jouer un r\u00f4le important. La bact\u00e9rie Staphylococcus aureus est la plus fortement incrimin\u00e9e. Couramment pr\u00e9sent dans le nez, le staphylocoque peut \u00eatre \u00e0 l&rsquo;origine d&rsquo;infections graves ; il est g\u00e9n\u00e9ralement pr\u00e9sent dans la peau atteinte de dermatite atopique. Une croissance plus importante du staphylocoque est associ\u00e9e \u00e0 une maladie plus grave et co\u00efncide avec les pouss\u00e9es. Nous ne comprenons pas comment cette bact\u00e9rie interagit avec le syst\u00e8me immunitaire de la peau dans la dermatite atopique ; ce point, ainsi que les informations manquantes sur les facteurs g\u00e9n\u00e9tiques, n\u00e9cessitent des recherches approfondies. Nous savons que certaines populations et certains peuples semblent plus \u00e0 risque, et l&rsquo;\u00e9quipe du Dre Jack \u00e9tudie le r\u00f4le de l&rsquo;ethnicit\u00e9, de la couleur de la peau et de la sant\u00e9 des indig\u00e8nes dans cette maladie.<\/p>\n<p><strong>Collaborations<\/strong><\/p>\n<p>Des \u00e9quipes de recherche collaboratives dot\u00e9es d&rsquo;une vaste expertise et int\u00e9grant l&rsquo;exp\u00e9rience et les connaissances des patients sont n\u00e9cessaires pour \u00e9tudier la r\u00e9sistance aux traitements. Dans ce but, le Dre Jack dirige la base de donn\u00e9es et la biobanque canadiennes sur la dermatite orient\u00e9e vers le patient (C-POD). Financ\u00e9e par une subvention de d\u00e9veloppement d&rsquo;\u00e9quipe de SkIN Canada en 2022, cette \u00e9quipe dispose de la plus grande base de donn\u00e9es et biobanque de dermatite atopique pour adultes au Canada, et vise \u00e0 partager les sp\u00e9cimens, les protocoles et l&rsquo;infrastructure de gestion, ainsi que les outils num\u00e9riques. L&rsquo;objectif de C-POD est de travailler ensemble pour promouvoir la r\u00e9mission \u00e0 long terme de la maladie.<\/p>\n<p>Le laboratoire du Dre Jack est \u00e9galement le laboratoire principal de la Cohorte canadienne de dermatite atopique pour l&rsquo;immunologie translationnelle et l&rsquo;imagerie (CACTI). Financ\u00e9e par un concours de subventions d&rsquo;\u00e9quipe de la Fondation canadienne de dermatologie pour les maladies inflammatoires de la peau de type Th2, cette collaboration multi-universitaire et pancanadienne est la plus grande \u00e9tude prospective d&rsquo;observation de la dermatite atopique de l&rsquo;adulte au pays. Nous disposons de peu d&rsquo;\u00e9l\u00e9ments pour choisir entre certains des anciens traitements disponibles aujourd&rsquo;hui. M\u00eame la th\u00e9rapie cibl\u00e9e la plus r\u00e9cente ne fait pas dispara\u00eetre la peau de la plupart des patients. Afin d&rsquo;am\u00e9liorer notre compr\u00e9hension de la dermatite atopique, de savoir comment la traiter aujourd&rsquo;hui et de permettre la d\u00e9couverte de nouveaux traitements, l&rsquo;\u00e9quipe du CACTI fait participer des patients \u00e0 une vaste \u00e9tude sur trois sites au Canada (Universit\u00e9 de Toronto, Universit\u00e9 McGill et Universit\u00e9 de Colombie-Britannique). Des donn\u00e9es sont recueillies sur la gravit\u00e9 de la dermatite atopique des patients, sur les traitements qu&rsquo;ils utilisent et, pour les patients qui y consentent, des \u00e9chantillons de sang et des biopsies cutan\u00e9es sont pr\u00e9lev\u00e9s afin d&rsquo;\u00e9tudier les m\u00e9canismes sous-jacents \u00e0 leur maladie. L&rsquo;\u00e9quipe du CACTI effectue \u00e9galement des tests pour d\u00e9terminer quelle forme de phototh\u00e9rapie est la plus efficace pour la dermatite atopique et utilise des techniques d&rsquo;imagerie avanc\u00e9es pour visualiser la peau. Cette collaboration a commenc\u00e9 \u00e0 combler les lacunes dans les connaissances sur la dermatite atopique et, au-del\u00e0 des r\u00e9ponses aux questions sp\u00e9cifiques de cette subvention, l&rsquo;\u00e9quipe du CACTI est habilit\u00e9e \u00e0 effectuer encore plus de travail \u00e0 l&rsquo;avenir, en renfor\u00e7ant les capacit\u00e9s d&rsquo;une \u00e9quipe nationale de cliniciens-chercheurs d\u00e9vou\u00e9s.<\/p>\n<p><strong>\u00c0 propos<\/strong><\/p>\n<p>Le Dre Jack a cr\u00e9\u00e9 et dirige le premier laboratoire canadien d&rsquo;immunoph\u00e9notypage de la peau et du sang humain sp\u00e9cifique \u00e0 une maladie (RI-CUSM), avec un programme de recherche et une plateforme d&rsquo;immunoph\u00e9notypage pour \u00e9tudier les m\u00e9canismes in situ et ex vivo de l&rsquo;inflammation chronique chez les patients adultes atteints de dermatite atopique. La recherche clinique est combin\u00e9e \u00e0 son laboratoire humide RI-CUSM. Les recherches du Dre Jack s&rsquo;appuient sur des strat\u00e9gies telles que ;<\/p>\n<ul>\n<li>\u00c9tudier la dialectique entre le syst\u00e8me immunitaire de la peau, le staphylocoque dor\u00e9 et les traitements cibl\u00e9s.<\/li>\n<li>Mod\u00e9liser des parties du syst\u00e8me immunitaire comme les cellules T et leurs signaux de maladie, par exemple des cellules pathog\u00e8nes (type 2 IL-13+) pour tester des traitements.<\/li>\n<li>Imagerie et analyse approfondies en \u00ab\u00a0haute dimension\u00a0\u00bb des g\u00e8nes, prot\u00e9ines et cellules immunitaires de la peau et du sang, \u00e0 l&rsquo;aide de la cytom\u00e9trie de flux, de la microscopie confocale, de l&rsquo;analyse d&rsquo;une seule cellule et des technologies de l&rsquo;information.<\/li>\n<li>Le cod\u00e9veloppement d&rsquo;outils d&rsquo;\u00e9ducation, d&rsquo;\u00e9change d&rsquo;informations et de soins num\u00e9riques.<\/li>\n<li>Cr\u00e9ation et \u00e9tude de l&rsquo;innovation num\u00e9rique dans le domaine de l&rsquo;ecz\u00e9ma avec les patients, y compris l&rsquo;application EczemaQ mHealth, laur\u00e9ate du Prix d&rsquo;\u00e9ducation publique de l&rsquo;Association canadienne de dermatologie et du Prix Hakim de l&rsquo;innovation de 50 000 $ pour l&rsquo;innovation clinique la plus transformatrice ; cette application destin\u00e9e aux patients adultes atteints de dermatite atopique est actuellement \u00e9valu\u00e9e dans le cadre de l&rsquo;\u00e9tude \u00ab\u00a0McGill Adult Atopic Dermatitis Digital Outcomes Study\u00a0\u00bb (MAADO).<\/li>\n<li>Collaboration avec l&rsquo;Unit\u00e9 de Soutien SSA Qu\u00e9bec, pour contribuer \u00e0 un syst\u00e8me de sant\u00e9 apprenant au Qu\u00e9bec.<\/li>\n<li>Base de donn\u00e9es cliniques et biobanque du CUSM REB &lsquo;Dermatitis&rsquo; Redcap, orient\u00e9e vers les patients et harmonis\u00e9e avec le Centre transdisciplinaire de th\u00e9rapies biologiques.<\/li>\n<li>&#8230;et plus encore !<\/li>\n<\/ul>\nPour une liste compl\u00e8te des travaux publi\u00e9s par le Dre Jack, veuillez consulter le site :<br \/>\n<a href=\"https:\/\/www.ncbi.nlm.nih.gov\/myncbi\/1dwy2dlQsgIM1O\/bibliography\/public\/\">https:\/\/www.ncbi.nlm.nih.gov\/myncbi\/1dwy2dlQsgIM1O\/bibliography\/public\/<\/a>\nVous pouvez \u00e9galement trouver le Dre Jack dans le McGill Experts Guide via le lien suivant :<br \/>\n<a href=\"https:\/\/www.mcgill.ca\/newsroom\/carolyn-jack\">https:\/\/www.mcgill.ca\/newsroom\/carolyn-jack<\/a>\n\t<h3>Cohorte de patients adultes atteints de dermatite atopique<\/h3>\n\t\t\t\t<img loading=\"lazy\" decoding=\"async\" src=\"https:\/\/www.muhccoead.com\/wp-content\/uploads\/2022\/11\/Research-picture.png\" alt=\"Research picture\" itemprop=\"image\" height=\"1060\" width=\"1820\" title=\"Research picture\" onerror=\"this.style.display='none'\"  \/>\n\tLe <strong>CUSM COE AD<\/strong> abrite d\u00e9sormais la <strong>plus grande cohorte universitaire canadienne<\/strong> de patients adultes atteints de la maladie d&rsquo;Alzheimer qui consentent \u00e0 une <strong>recherche approuv\u00e9e par le CER<\/strong>. La biobanque et la base de donn\u00e9es \u00ab\u00a0Dermatite\u00a0\u00bb sont g\u00e9r\u00e9es en collaboration avec le Centre transdisciplinaire des th\u00e9rapies biologiques pour les banques de McGill. Le recrutement des sujets est effectu\u00e9 sur place \u00e0 l&rsquo;AD COE du CUSM par deux coordinateurs de recherche clinique. Les donn\u00e9es cliniques et longitudinales sont collect\u00e9es et saisies dans la base de donn\u00e9es en temps r\u00e9el. Les donn\u00e9es peuvent \u00eatre r\u00e9cup\u00e9r\u00e9es, visualis\u00e9es et export\u00e9es pour r\u00e9pondre \u00e0 des questions scientifiques. Les faits saillants de cette cohorte ont \u00e9t\u00e9 pr\u00e9sent\u00e9s lors de la r\u00e9union annuelle 2022 de la Society for Investigative (SID) \u00e0 Portland, OR (\u00ab\u00a0Health-related quality of life in a Canadian atopic dermatitis cohort\u00a0\u00bb).<br \/>\nPour en savoir plus, veuillez contacter <a href=\"mailto:muhc.coe.ad@gmail.com\" target=\"_blank\" rel=\"noopener\">muhc.coe.ad@gmail.com.<\/a>\n\n","protected":false},"excerpt":{"rendered":"<p>Recherche \u00ab\u00a0Nous croyons que la m\u00e9decine de demain sera collaborative.\u00a0\u00bb Le Dre Jack et ses collaborateurs cherchent \u00e0 r\u00e9pondre \u00e0 une question simple mais sans r\u00e9ponse : \u00a0\u00bb Pourquoi la dermatite atopique (ecz\u00e9ma) persiste-t-elle tout au long de la vie et quel est le rapport avec la bact\u00e9rie Staphylococcus aureus ? \u00a0\u00bb En tant que [&hellip;]<\/p>\n","protected":false},"author":3,"featured_media":0,"parent":0,"menu_order":0,"comment_status":"closed","ping_status":"closed","template":"","meta":{"site-sidebar-layout":"no-sidebar","site-content-layout":"page-builder","ast-site-content-layout":"default","site-content-style":"default","site-sidebar-style":"default","ast-global-header-display":"","ast-banner-title-visibility":"","ast-main-header-display":"","ast-hfb-above-header-display":"","ast-hfb-below-header-display":"","ast-hfb-mobile-header-display":"","site-post-title":"disabled","ast-breadcrumbs-content":"","ast-featured-img":"disabled","footer-sml-layout":"","ast-disable-related-posts":"","theme-transparent-header-meta":"enabled","adv-header-id-meta":"","stick-header-meta":"default","header-above-stick-meta":"","header-main-stick-meta":"","header-below-stick-meta":"","astra-migrate-meta-layouts":"default","ast-page-background-enabled":"default","ast-page-background-meta":{"desktop":{"background-color":"","background-image":"","background-repeat":"repeat","background-position":"center center","background-size":"auto","background-attachment":"scroll","background-type":"","background-media":"","overlay-type":"","overlay-color":"","overlay-opacity":"","overlay-gradient":""},"tablet":{"background-color":"","background-image":"","background-repeat":"repeat","background-position":"center center","background-size":"auto","background-attachment":"scroll","background-type":"","background-media":"","overlay-type":"","overlay-color":"","overlay-opacity":"","overlay-gradient":""},"mobile":{"background-color":"","background-image":"","background-repeat":"repeat","background-position":"center center","background-size":"auto","background-attachment":"scroll","background-type":"","background-media":"","overlay-type":"","overlay-color":"","overlay-opacity":"","overlay-gradient":""}},"ast-content-background-meta":{"desktop":{"background-color":"var(--ast-global-color-5)","background-image":"","background-repeat":"repeat","background-position":"center center","background-size":"auto","background-attachment":"scroll","background-type":"","background-media":"","overlay-type":"","overlay-color":"","overlay-opacity":"","overlay-gradient":""},"tablet":{"background-color":"var(--ast-global-color-5)","background-image":"","background-repeat":"repeat","background-position":"center center","background-size":"auto","background-attachment":"scroll","background-type":"","background-media":"","overlay-type":"","overlay-color":"","overlay-opacity":"","overlay-gradient":""},"mobile":{"background-color":"var(--ast-global-color-5)","background-image":"","background-repeat":"repeat","background-position":"center center","background-size":"auto","background-attachment":"scroll","background-type":"","background-media":"","overlay-type":"","overlay-color":"","overlay-opacity":"","overlay-gradient":""}},"footnotes":""},"class_list":["post-937","page","type-page","status-publish","hentry"],"yoast_head":"<!-- This site is optimized with the Yoast SEO plugin v27.4 - https:\/\/yoast.com\/product\/yoast-seo-wordpress\/ -->\n<title>Int\u00e9r\u00eats de recherche | MUHC Centre of Excellence for Atopic Dermatitis<\/title>\n<meta name=\"robots\" content=\"index, follow, max-snippet:-1, max-image-preview:large, max-video-preview:-1\" \/>\n<link rel=\"canonical\" href=\"https:\/\/www.muhccoead.com\/fr\/interets-de-recherche\/\" \/>\n<meta property=\"og:locale\" content=\"fr_FR\" \/>\n<meta property=\"og:type\" content=\"article\" \/>\n<meta property=\"og:title\" content=\"Int\u00e9r\u00eats de recherche | MUHC Centre of Excellence for Atopic Dermatitis\" \/>\n<meta property=\"og:description\" content=\"Recherche \u00ab\u00a0Nous croyons que la m\u00e9decine de demain sera collaborative.\u00a0\u00bb Le Dre Jack et ses collaborateurs cherchent \u00e0 r\u00e9pondre \u00e0 une question simple mais sans r\u00e9ponse : \u00a0\u00bb Pourquoi la dermatite atopique (ecz\u00e9ma) persiste-t-elle tout au long de la vie et quel est le rapport avec la bact\u00e9rie Staphylococcus aureus ? \u00a0\u00bb En tant que [&hellip;]\" \/>\n<meta property=\"og:url\" content=\"https:\/\/www.muhccoead.com\/fr\/interets-de-recherche\/\" \/>\n<meta property=\"og:site_name\" content=\"MUHC Centre of Excellence for Atopic Dermatitis\" \/>\n<meta property=\"article:modified_time\" content=\"2024-01-30T14:29:05+00:00\" \/>\n<meta property=\"og:image\" content=\"https:\/\/www.muhccoead.com\/wp-content\/uploads\/2023\/09\/Screenshot-2023-09-14-at-5.24.16-PM.png\" \/>\n<meta name=\"twitter:card\" content=\"summary_large_image\" \/>\n<meta name=\"twitter:label1\" content=\"Dur\u00e9e de lecture estim\u00e9e\" \/>\n\t<meta name=\"twitter:data1\" content=\"7 minutes\" \/>\n<script type=\"application\/ld+json\" class=\"yoast-schema-graph\">{\"@context\":\"https:\\\/\\\/schema.org\",\"@graph\":[{\"@type\":\"WebPage\",\"@id\":\"https:\\\/\\\/www.muhccoead.com\\\/fr\\\/interets-de-recherche\\\/\",\"url\":\"https:\\\/\\\/www.muhccoead.com\\\/fr\\\/interets-de-recherche\\\/\",\"name\":\"Int\u00e9r\u00eats de recherche | MUHC Centre of Excellence for Atopic Dermatitis\",\"isPartOf\":{\"@id\":\"https:\\\/\\\/www.muhccoead.com\\\/fr\\\/#website\"},\"primaryImageOfPage\":{\"@id\":\"https:\\\/\\\/www.muhccoead.com\\\/fr\\\/interets-de-recherche\\\/#primaryimage\"},\"image\":{\"@id\":\"https:\\\/\\\/www.muhccoead.com\\\/fr\\\/interets-de-recherche\\\/#primaryimage\"},\"thumbnailUrl\":\"https:\\\/\\\/www.muhccoead.com\\\/wp-content\\\/uploads\\\/2023\\\/09\\\/Screenshot-2023-09-14-at-5.24.16-PM.png\",\"datePublished\":\"2022-09-16T14:10:52+00:00\",\"dateModified\":\"2024-01-30T14:29:05+00:00\",\"breadcrumb\":{\"@id\":\"https:\\\/\\\/www.muhccoead.com\\\/fr\\\/interets-de-recherche\\\/#breadcrumb\"},\"inLanguage\":\"fr-FR\",\"potentialAction\":[{\"@type\":\"ReadAction\",\"target\":[\"https:\\\/\\\/www.muhccoead.com\\\/fr\\\/interets-de-recherche\\\/\"]}]},{\"@type\":\"ImageObject\",\"inLanguage\":\"fr-FR\",\"@id\":\"https:\\\/\\\/www.muhccoead.com\\\/fr\\\/interets-de-recherche\\\/#primaryimage\",\"url\":\"https:\\\/\\\/www.muhccoead.com\\\/wp-content\\\/uploads\\\/2023\\\/09\\\/Screenshot-2023-09-14-at-5.24.16-PM.png\",\"contentUrl\":\"https:\\\/\\\/www.muhccoead.com\\\/wp-content\\\/uploads\\\/2023\\\/09\\\/Screenshot-2023-09-14-at-5.24.16-PM.png\"},{\"@type\":\"BreadcrumbList\",\"@id\":\"https:\\\/\\\/www.muhccoead.com\\\/fr\\\/interets-de-recherche\\\/#breadcrumb\",\"itemListElement\":[{\"@type\":\"ListItem\",\"position\":1,\"name\":\"Home\",\"item\":\"https:\\\/\\\/www.muhccoead.com\\\/fr\\\/home\\\/\"},{\"@type\":\"ListItem\",\"position\":2,\"name\":\"Int\u00e9r\u00eats de recherche\"}]},{\"@type\":\"WebSite\",\"@id\":\"https:\\\/\\\/www.muhccoead.com\\\/fr\\\/#website\",\"url\":\"https:\\\/\\\/www.muhccoead.com\\\/fr\\\/\",\"name\":\"MUHC Centre of Excellence for Atopic Dermatitis\",\"description\":\"Dermatogenix\",\"publisher\":{\"@id\":\"https:\\\/\\\/www.muhccoead.com\\\/fr\\\/#organization\"},\"potentialAction\":[{\"@type\":\"SearchAction\",\"target\":{\"@type\":\"EntryPoint\",\"urlTemplate\":\"https:\\\/\\\/www.muhccoead.com\\\/fr\\\/?s={search_term_string}\"},\"query-input\":{\"@type\":\"PropertyValueSpecification\",\"valueRequired\":true,\"valueName\":\"search_term_string\"}}],\"inLanguage\":\"fr-FR\"},{\"@type\":\"Organization\",\"@id\":\"https:\\\/\\\/www.muhccoead.com\\\/fr\\\/#organization\",\"name\":\"MUHC Centre of Excellence for Atopic Dermatitis\",\"url\":\"https:\\\/\\\/www.muhccoead.com\\\/fr\\\/\",\"logo\":{\"@type\":\"ImageObject\",\"inLanguage\":\"fr-FR\",\"@id\":\"https:\\\/\\\/www.muhccoead.com\\\/fr\\\/#\\\/schema\\\/logo\\\/image\\\/\",\"url\":\"https:\\\/\\\/www.muhccoead.com\\\/wp-content\\\/uploads\\\/2022\\\/09\\\/MUHC-COE-AD-Logo.png\",\"contentUrl\":\"https:\\\/\\\/www.muhccoead.com\\\/wp-content\\\/uploads\\\/2022\\\/09\\\/MUHC-COE-AD-Logo.png\",\"width\":249,\"height\":229,\"caption\":\"MUHC Centre of Excellence for Atopic Dermatitis\"},\"image\":{\"@id\":\"https:\\\/\\\/www.muhccoead.com\\\/fr\\\/#\\\/schema\\\/logo\\\/image\\\/\"}}]}<\/script>\n<!-- \/ Yoast SEO plugin. -->","yoast_head_json":{"title":"Int\u00e9r\u00eats de recherche | MUHC Centre of Excellence for Atopic Dermatitis","robots":{"index":"index","follow":"follow","max-snippet":"max-snippet:-1","max-image-preview":"max-image-preview:large","max-video-preview":"max-video-preview:-1"},"canonical":"https:\/\/www.muhccoead.com\/fr\/interets-de-recherche\/","og_locale":"fr_FR","og_type":"article","og_title":"Int\u00e9r\u00eats de recherche | MUHC Centre of Excellence for Atopic Dermatitis","og_description":"Recherche \u00ab\u00a0Nous croyons que la m\u00e9decine de demain sera collaborative.\u00a0\u00bb Le Dre Jack et ses collaborateurs cherchent \u00e0 r\u00e9pondre \u00e0 une question simple mais sans r\u00e9ponse : \u00a0\u00bb Pourquoi la dermatite atopique (ecz\u00e9ma) persiste-t-elle tout au long de la vie et quel est le rapport avec la bact\u00e9rie Staphylococcus aureus ? \u00a0\u00bb En tant que [&hellip;]","og_url":"https:\/\/www.muhccoead.com\/fr\/interets-de-recherche\/","og_site_name":"MUHC Centre of Excellence for Atopic Dermatitis","article_modified_time":"2024-01-30T14:29:05+00:00","og_image":[{"url":"https:\/\/www.muhccoead.com\/wp-content\/uploads\/2023\/09\/Screenshot-2023-09-14-at-5.24.16-PM.png","type":"","width":"","height":""}],"twitter_card":"summary_large_image","twitter_misc":{"Dur\u00e9e de lecture estim\u00e9e":"7 minutes"},"schema":{"@context":"https:\/\/schema.org","@graph":[{"@type":"WebPage","@id":"https:\/\/www.muhccoead.com\/fr\/interets-de-recherche\/","url":"https:\/\/www.muhccoead.com\/fr\/interets-de-recherche\/","name":"Int\u00e9r\u00eats de recherche | MUHC Centre of Excellence for Atopic Dermatitis","isPartOf":{"@id":"https:\/\/www.muhccoead.com\/fr\/#website"},"primaryImageOfPage":{"@id":"https:\/\/www.muhccoead.com\/fr\/interets-de-recherche\/#primaryimage"},"image":{"@id":"https:\/\/www.muhccoead.com\/fr\/interets-de-recherche\/#primaryimage"},"thumbnailUrl":"https:\/\/www.muhccoead.com\/wp-content\/uploads\/2023\/09\/Screenshot-2023-09-14-at-5.24.16-PM.png","datePublished":"2022-09-16T14:10:52+00:00","dateModified":"2024-01-30T14:29:05+00:00","breadcrumb":{"@id":"https:\/\/www.muhccoead.com\/fr\/interets-de-recherche\/#breadcrumb"},"inLanguage":"fr-FR","potentialAction":[{"@type":"ReadAction","target":["https:\/\/www.muhccoead.com\/fr\/interets-de-recherche\/"]}]},{"@type":"ImageObject","inLanguage":"fr-FR","@id":"https:\/\/www.muhccoead.com\/fr\/interets-de-recherche\/#primaryimage","url":"https:\/\/www.muhccoead.com\/wp-content\/uploads\/2023\/09\/Screenshot-2023-09-14-at-5.24.16-PM.png","contentUrl":"https:\/\/www.muhccoead.com\/wp-content\/uploads\/2023\/09\/Screenshot-2023-09-14-at-5.24.16-PM.png"},{"@type":"BreadcrumbList","@id":"https:\/\/www.muhccoead.com\/fr\/interets-de-recherche\/#breadcrumb","itemListElement":[{"@type":"ListItem","position":1,"name":"Home","item":"https:\/\/www.muhccoead.com\/fr\/home\/"},{"@type":"ListItem","position":2,"name":"Int\u00e9r\u00eats de recherche"}]},{"@type":"WebSite","@id":"https:\/\/www.muhccoead.com\/fr\/#website","url":"https:\/\/www.muhccoead.com\/fr\/","name":"MUHC Centre of Excellence for Atopic Dermatitis","description":"Dermatogenix","publisher":{"@id":"https:\/\/www.muhccoead.com\/fr\/#organization"},"potentialAction":[{"@type":"SearchAction","target":{"@type":"EntryPoint","urlTemplate":"https:\/\/www.muhccoead.com\/fr\/?s={search_term_string}"},"query-input":{"@type":"PropertyValueSpecification","valueRequired":true,"valueName":"search_term_string"}}],"inLanguage":"fr-FR"},{"@type":"Organization","@id":"https:\/\/www.muhccoead.com\/fr\/#organization","name":"MUHC Centre of Excellence for Atopic Dermatitis","url":"https:\/\/www.muhccoead.com\/fr\/","logo":{"@type":"ImageObject","inLanguage":"fr-FR","@id":"https:\/\/www.muhccoead.com\/fr\/#\/schema\/logo\/image\/","url":"https:\/\/www.muhccoead.com\/wp-content\/uploads\/2022\/09\/MUHC-COE-AD-Logo.png","contentUrl":"https:\/\/www.muhccoead.com\/wp-content\/uploads\/2022\/09\/MUHC-COE-AD-Logo.png","width":249,"height":229,"caption":"MUHC Centre of Excellence for Atopic Dermatitis"},"image":{"@id":"https:\/\/www.muhccoead.com\/fr\/#\/schema\/logo\/image\/"}}]}},"featured_image_src":null,"featured_image_src_square":null,"_links":{"self":[{"href":"https:\/\/www.muhccoead.com\/fr\/wp-json\/wp\/v2\/pages\/937","targetHints":{"allow":["GET"]}}],"collection":[{"href":"https:\/\/www.muhccoead.com\/fr\/wp-json\/wp\/v2\/pages"}],"about":[{"href":"https:\/\/www.muhccoead.com\/fr\/wp-json\/wp\/v2\/types\/page"}],"author":[{"embeddable":true,"href":"https:\/\/www.muhccoead.com\/fr\/wp-json\/wp\/v2\/users\/3"}],"replies":[{"embeddable":true,"href":"https:\/\/www.muhccoead.com\/fr\/wp-json\/wp\/v2\/comments?post=937"}],"version-history":[{"count":0,"href":"https:\/\/www.muhccoead.com\/fr\/wp-json\/wp\/v2\/pages\/937\/revisions"}],"wp:attachment":[{"href":"https:\/\/www.muhccoead.com\/fr\/wp-json\/wp\/v2\/media?parent=937"}],"curies":[{"name":"wp","href":"https:\/\/api.w.org\/{rel}","templated":true}]}}