{"id":935,"date":"2022-08-08T15:05:05","date_gmt":"2022-08-08T15:05:05","guid":{"rendered":"https:\/\/dermatogenix.wpengine.com\/a-propos-de\/ga2len-adcare\/"},"modified":"2024-01-10T19:51:57","modified_gmt":"2024-01-10T19:51:57","slug":"ga2len-adcare","status":"publish","type":"page","link":"https:\/\/www.muhccoead.com\/fr\/ga2len-adcare\/","title":{"rendered":"GA2LEN ADCARE"},"content":{"rendered":"\n\n\t\t\t<h1>GA<sup>2<\/sup>LEN ADCARE<\/h1>\n\t<p>Depuis sa cr\u00e9ation en 2018, le Centre d&rsquo;excellence du CUSM pour la dermatite atopique a cherch\u00e9 \u00e0 adh\u00e9rer aux normes les plus \u00e9lev\u00e9es pour favoriser la qualit\u00e9 des soins. En recherchant un cadre d&rsquo;am\u00e9lioration de la qualit\u00e9, nous avons identifi\u00e9 les Centres de r\u00e9f\u00e9rence et d&rsquo;excellence pour la dermatite atopique du R\u00e9seau europ\u00e9en des allergies et de l&rsquo;asthme (GA\u00b2LEN ADCARE), le seul programme international d&rsquo;accr\u00e9ditation des centres d&rsquo;excellence dans le domaine de la dermatite atopique.<\/p>\n<p>Sur une p\u00e9riode de trois ans, le Centre d&rsquo;excellence du CUSM pour la dermatite atopique s&rsquo;est efforc\u00e9e de respecter et\/ou de d\u00e9passer les normes mondiales en mati\u00e8re de soins de grande valeur pour la dermatite atopique, notamment les \u00e9l\u00e9ments prioritaires suivants ;<\/p>\n<ul>\n<li>1) le diagnostic et l&rsquo;\u00e9valuation cliniques ;<\/li>\n<li>2) l&rsquo;\u00e9ducation du patient ;<\/li>\n<li>3) \u00e9quipe multidisciplinaire coordonn\u00e9e et structur\u00e9e ;<\/li>\n<li>4) le suivi et l&rsquo;\u00e9valuation de la qualit\u00e9 des soins ; et<\/li>\n<li>5) la collaboration avec les groupes de patients.<\/li>\n<\/ul>\n<p>Fin 2021, le Centre d&rsquo;excellence du CUSM pour la dermatite atopique a \u00e9t\u00e9 audit\u00e9 par le professeur Dr. Torsten Zuberbier (Charit\u00e9 Berlin) selon les 32 crit\u00e8res de GA\u00b2LEN ADCARE dans les cat\u00e9gories suivantes :<\/p>\n<ul>\n<li>l&rsquo;infrastructure,<\/li>\n<li>gestion,<\/li>\n<li>recherche,<\/li>\n<li>l&rsquo;\u00e9ducation, et<\/li>\n<li>plaidoyer.<\/li>\n<\/ul>\n<p>C&rsquo;est maintenant le <strong>premier centre ADCARE canadien<\/strong>, et l&rsquo;<strong>un des trois seuls<\/strong> en Am\u00e9rique du Nord. Les centres d&rsquo;excellence GA\u00b2LEN ADCARE sont d\u00e9finis comme des entit\u00e9s qui fournissent un leadership, des directives sur les meilleures pratiques, des formations et des ressources \u00e9ducatives de mani\u00e8re hautement sp\u00e9cialis\u00e9e.<\/p>\n\t\t\t\t<img loading=\"lazy\" decoding=\"async\" src=\"https:\/\/www.muhccoead.com\/wp-content\/uploads\/2022\/08\/ga2len.png\" alt=\"ga2len\" itemprop=\"image\" height=\"809\" width=\"1367\" title=\"ga2len\" onerror=\"this.style.display='none'\"  \/>\n\t<p><em><sub>Le Centre d&rsquo;excellence du CUSM pour la dermatite atopique a \u00e9t\u00e9 accr\u00e9dit\u00e9 comme premier site canadien \u00e0 se joindre aux Centres de r\u00e9f\u00e9rence et d&rsquo;excellence pour la dermatite atopique du R\u00e9seau europ\u00e9en d&rsquo;allergies et d&rsquo;asthme (GA\u00b2LEN ADCARE).<\/sub><\/em><\/p>\n<em><sub>La Dre Jack et son \u00e9quipe sont photographi\u00e9s ici avec leur certificat GA\u00b2LEN ADCARE ; (de gauche \u00e0 droite) Harshita Patel, candidate \u00e0 la ma\u00eetrise ; Douglas M. Lebo, candidat au doctorat et coordonnateur de recherche ; Dre Jack, fondatrice de l&rsquo;AD du CUSM COE ; Charlie Bouchard, partenaire patient et coordonnateur de recherche ; Stephanie Campanelli, secr\u00e9taire m\u00e9dicale de l&rsquo;AD du CUSM COE ; Gaurav Isola, assistant de recherche.<br \/>\n<\/sub><\/em>\n\n","protected":false},"excerpt":{"rendered":"<p>GA2LEN ADCARE Depuis sa cr\u00e9ation en 2018, le Centre d&rsquo;excellence du CUSM pour la dermatite atopique a cherch\u00e9 \u00e0 adh\u00e9rer aux normes les plus \u00e9lev\u00e9es pour favoriser la qualit\u00e9 des soins. En recherchant un cadre d&rsquo;am\u00e9lioration de la qualit\u00e9, nous avons identifi\u00e9 les Centres de r\u00e9f\u00e9rence et d&rsquo;excellence pour la dermatite atopique du R\u00e9seau europ\u00e9en [&hellip;]<\/p>\n","protected":false},"author":3,"featured_media":0,"parent":0,"menu_order":0,"comment_status":"closed","ping_status":"closed","template":"","meta":{"site-sidebar-layout":"no-sidebar","site-content-layout":"page-builder","ast-site-content-layout":"full-width-container","site-content-style":"unboxed","site-sidebar-style":"unboxed","ast-global-header-display":"","ast-banner-title-visibility":"","ast-main-header-display":"","ast-hfb-above-header-display":"","ast-hfb-below-header-display":"","ast-hfb-mobile-header-display":"","site-post-title":"disabled","ast-breadcrumbs-content":"","ast-featured-img":"disabled","footer-sml-layout":"","ast-disable-related-posts":"","theme-transparent-header-meta":"enabled","adv-header-id-meta":"","stick-header-meta":"default","header-above-stick-meta":"","header-main-stick-meta":"","header-below-stick-meta":"","astra-migrate-meta-layouts":"set","ast-page-background-enabled":"default","ast-page-background-meta":{"desktop":{"background-color":"","background-image":"","background-repeat":"repeat","background-position":"center center","background-size":"auto","background-attachment":"scroll","background-type":"","background-media":"","overlay-type":"","overlay-color":"","overlay-opacity":"","overlay-gradient":""},"tablet":{"background-color":"","background-image":"","background-repeat":"repeat","background-position":"center center","background-size":"auto","background-attachment":"scroll","background-type":"","background-media":"","overlay-type":"","overlay-color":"","overlay-opacity":"","overlay-gradient":""},"mobile":{"background-color":"","background-image":"","background-repeat":"repeat","background-position":"center center","background-size":"auto","background-attachment":"scroll","background-type":"","background-media":"","overlay-type":"","overlay-color":"","overlay-opacity":"","overlay-gradient":""}},"ast-content-background-meta":{"desktop":{"background-color":"var(--ast-global-color-5)","background-image":"","background-repeat":"repeat","background-position":"center center","background-size":"auto","background-attachment":"scroll","background-type":"","background-media":"","overlay-type":"","overlay-color":"","overlay-opacity":"","overlay-gradient":""},"tablet":{"background-color":"var(--ast-global-color-5)","background-image":"","background-repeat":"repeat","background-position":"center center","background-size":"auto","background-attachment":"scroll","background-type":"","background-media":"","overlay-type":"","overlay-color":"","overlay-opacity":"","overlay-gradient":""},"mobile":{"background-color":"var(--ast-global-color-5)","background-image":"","background-repeat":"repeat","background-position":"center center","background-size":"auto","background-attachment":"scroll","background-type":"","background-media":"","overlay-type":"","overlay-color":"","overlay-opacity":"","overlay-gradient":""}},"footnotes":""},"class_list":["post-935","page","type-page","status-publish","hentry"],"yoast_head":"<!-- This site is optimized with the Yoast SEO plugin v27.4 - https:\/\/yoast.com\/product\/yoast-seo-wordpress\/ -->\n<title>GA2LEN ADCARE | MUHC Centre of Excellence for Atopic Dermatitis<\/title>\n<meta name=\"robots\" content=\"index, follow, max-snippet:-1, max-image-preview:large, max-video-preview:-1\" \/>\n<link rel=\"canonical\" href=\"https:\/\/www.muhccoead.com\/fr\/ga2len-adcare\/\" \/>\n<meta property=\"og:locale\" content=\"fr_FR\" \/>\n<meta property=\"og:type\" content=\"article\" \/>\n<meta property=\"og:title\" content=\"GA2LEN ADCARE | MUHC Centre of Excellence for Atopic Dermatitis\" \/>\n<meta property=\"og:description\" content=\"GA2LEN ADCARE Depuis sa cr\u00e9ation en 2018, le Centre d&rsquo;excellence du CUSM pour la dermatite atopique a cherch\u00e9 \u00e0 adh\u00e9rer aux normes les plus \u00e9lev\u00e9es pour favoriser la qualit\u00e9 des soins. En recherchant un cadre d&rsquo;am\u00e9lioration de la qualit\u00e9, nous avons identifi\u00e9 les Centres de r\u00e9f\u00e9rence et d&rsquo;excellence pour la dermatite atopique du R\u00e9seau europ\u00e9en [&hellip;]\" \/>\n<meta property=\"og:url\" content=\"https:\/\/www.muhccoead.com\/fr\/ga2len-adcare\/\" \/>\n<meta property=\"og:site_name\" content=\"MUHC Centre of Excellence for Atopic Dermatitis\" \/>\n<meta property=\"article:modified_time\" content=\"2024-01-10T19:51:57+00:00\" \/>\n<meta property=\"og:image\" content=\"https:\/\/www.muhccoead.com\/wp-content\/uploads\/2022\/08\/ga2len.png\" \/>\n<meta name=\"twitter:card\" content=\"summary_large_image\" \/>\n<meta name=\"twitter:label1\" content=\"Dur\u00e9e de lecture estim\u00e9e\" \/>\n\t<meta name=\"twitter:data1\" content=\"2 minutes\" \/>\n<script type=\"application\/ld+json\" class=\"yoast-schema-graph\">{\"@context\":\"https:\\\/\\\/schema.org\",\"@graph\":[{\"@type\":\"WebPage\",\"@id\":\"https:\\\/\\\/www.muhccoead.com\\\/fr\\\/ga2len-adcare\\\/\",\"url\":\"https:\\\/\\\/www.muhccoead.com\\\/fr\\\/ga2len-adcare\\\/\",\"name\":\"GA2LEN ADCARE | MUHC Centre of Excellence for Atopic Dermatitis\",\"isPartOf\":{\"@id\":\"https:\\\/\\\/www.muhccoead.com\\\/fr\\\/#website\"},\"primaryImageOfPage\":{\"@id\":\"https:\\\/\\\/www.muhccoead.com\\\/fr\\\/ga2len-adcare\\\/#primaryimage\"},\"image\":{\"@id\":\"https:\\\/\\\/www.muhccoead.com\\\/fr\\\/ga2len-adcare\\\/#primaryimage\"},\"thumbnailUrl\":\"https:\\\/\\\/www.muhccoead.com\\\/wp-content\\\/uploads\\\/2022\\\/08\\\/ga2len.png\",\"datePublished\":\"2022-08-08T15:05:05+00:00\",\"dateModified\":\"2024-01-10T19:51:57+00:00\",\"breadcrumb\":{\"@id\":\"https:\\\/\\\/www.muhccoead.com\\\/fr\\\/ga2len-adcare\\\/#breadcrumb\"},\"inLanguage\":\"fr-FR\",\"potentialAction\":[{\"@type\":\"ReadAction\",\"target\":[\"https:\\\/\\\/www.muhccoead.com\\\/fr\\\/ga2len-adcare\\\/\"]}]},{\"@type\":\"ImageObject\",\"inLanguage\":\"fr-FR\",\"@id\":\"https:\\\/\\\/www.muhccoead.com\\\/fr\\\/ga2len-adcare\\\/#primaryimage\",\"url\":\"https:\\\/\\\/www.muhccoead.com\\\/wp-content\\\/uploads\\\/2022\\\/08\\\/ga2len.png\",\"contentUrl\":\"https:\\\/\\\/www.muhccoead.com\\\/wp-content\\\/uploads\\\/2022\\\/08\\\/ga2len.png\"},{\"@type\":\"BreadcrumbList\",\"@id\":\"https:\\\/\\\/www.muhccoead.com\\\/fr\\\/ga2len-adcare\\\/#breadcrumb\",\"itemListElement\":[{\"@type\":\"ListItem\",\"position\":1,\"name\":\"Home\",\"item\":\"https:\\\/\\\/www.muhccoead.com\\\/fr\\\/home\\\/\"},{\"@type\":\"ListItem\",\"position\":2,\"name\":\"GA2LEN ADCARE\"}]},{\"@type\":\"WebSite\",\"@id\":\"https:\\\/\\\/www.muhccoead.com\\\/fr\\\/#website\",\"url\":\"https:\\\/\\\/www.muhccoead.com\\\/fr\\\/\",\"name\":\"MUHC Centre of Excellence for Atopic Dermatitis\",\"description\":\"Dermatogenix\",\"publisher\":{\"@id\":\"https:\\\/\\\/www.muhccoead.com\\\/fr\\\/#organization\"},\"potentialAction\":[{\"@type\":\"SearchAction\",\"target\":{\"@type\":\"EntryPoint\",\"urlTemplate\":\"https:\\\/\\\/www.muhccoead.com\\\/fr\\\/?s={search_term_string}\"},\"query-input\":{\"@type\":\"PropertyValueSpecification\",\"valueRequired\":true,\"valueName\":\"search_term_string\"}}],\"inLanguage\":\"fr-FR\"},{\"@type\":\"Organization\",\"@id\":\"https:\\\/\\\/www.muhccoead.com\\\/fr\\\/#organization\",\"name\":\"MUHC Centre of Excellence for Atopic Dermatitis\",\"url\":\"https:\\\/\\\/www.muhccoead.com\\\/fr\\\/\",\"logo\":{\"@type\":\"ImageObject\",\"inLanguage\":\"fr-FR\",\"@id\":\"https:\\\/\\\/www.muhccoead.com\\\/fr\\\/#\\\/schema\\\/logo\\\/image\\\/\",\"url\":\"https:\\\/\\\/www.muhccoead.com\\\/wp-content\\\/uploads\\\/2022\\\/09\\\/MUHC-COE-AD-Logo.png\",\"contentUrl\":\"https:\\\/\\\/www.muhccoead.com\\\/wp-content\\\/uploads\\\/2022\\\/09\\\/MUHC-COE-AD-Logo.png\",\"width\":249,\"height\":229,\"caption\":\"MUHC Centre of Excellence for Atopic Dermatitis\"},\"image\":{\"@id\":\"https:\\\/\\\/www.muhccoead.com\\\/fr\\\/#\\\/schema\\\/logo\\\/image\\\/\"}}]}<\/script>\n<!-- \/ Yoast SEO plugin. -->","yoast_head_json":{"title":"GA2LEN ADCARE | MUHC Centre of Excellence for Atopic Dermatitis","robots":{"index":"index","follow":"follow","max-snippet":"max-snippet:-1","max-image-preview":"max-image-preview:large","max-video-preview":"max-video-preview:-1"},"canonical":"https:\/\/www.muhccoead.com\/fr\/ga2len-adcare\/","og_locale":"fr_FR","og_type":"article","og_title":"GA2LEN ADCARE | MUHC Centre of Excellence for Atopic Dermatitis","og_description":"GA2LEN ADCARE Depuis sa cr\u00e9ation en 2018, le Centre d&rsquo;excellence du CUSM pour la dermatite atopique a cherch\u00e9 \u00e0 adh\u00e9rer aux normes les plus \u00e9lev\u00e9es pour favoriser la qualit\u00e9 des soins. En recherchant un cadre d&rsquo;am\u00e9lioration de la qualit\u00e9, nous avons identifi\u00e9 les Centres de r\u00e9f\u00e9rence et d&rsquo;excellence pour la dermatite atopique du R\u00e9seau europ\u00e9en [&hellip;]","og_url":"https:\/\/www.muhccoead.com\/fr\/ga2len-adcare\/","og_site_name":"MUHC Centre of Excellence for Atopic Dermatitis","article_modified_time":"2024-01-10T19:51:57+00:00","og_image":[{"url":"https:\/\/www.muhccoead.com\/wp-content\/uploads\/2022\/08\/ga2len.png","type":"","width":"","height":""}],"twitter_card":"summary_large_image","twitter_misc":{"Dur\u00e9e de lecture estim\u00e9e":"2 minutes"},"schema":{"@context":"https:\/\/schema.org","@graph":[{"@type":"WebPage","@id":"https:\/\/www.muhccoead.com\/fr\/ga2len-adcare\/","url":"https:\/\/www.muhccoead.com\/fr\/ga2len-adcare\/","name":"GA2LEN ADCARE | MUHC Centre of Excellence for Atopic Dermatitis","isPartOf":{"@id":"https:\/\/www.muhccoead.com\/fr\/#website"},"primaryImageOfPage":{"@id":"https:\/\/www.muhccoead.com\/fr\/ga2len-adcare\/#primaryimage"},"image":{"@id":"https:\/\/www.muhccoead.com\/fr\/ga2len-adcare\/#primaryimage"},"thumbnailUrl":"https:\/\/www.muhccoead.com\/wp-content\/uploads\/2022\/08\/ga2len.png","datePublished":"2022-08-08T15:05:05+00:00","dateModified":"2024-01-10T19:51:57+00:00","breadcrumb":{"@id":"https:\/\/www.muhccoead.com\/fr\/ga2len-adcare\/#breadcrumb"},"inLanguage":"fr-FR","potentialAction":[{"@type":"ReadAction","target":["https:\/\/www.muhccoead.com\/fr\/ga2len-adcare\/"]}]},{"@type":"ImageObject","inLanguage":"fr-FR","@id":"https:\/\/www.muhccoead.com\/fr\/ga2len-adcare\/#primaryimage","url":"https:\/\/www.muhccoead.com\/wp-content\/uploads\/2022\/08\/ga2len.png","contentUrl":"https:\/\/www.muhccoead.com\/wp-content\/uploads\/2022\/08\/ga2len.png"},{"@type":"BreadcrumbList","@id":"https:\/\/www.muhccoead.com\/fr\/ga2len-adcare\/#breadcrumb","itemListElement":[{"@type":"ListItem","position":1,"name":"Home","item":"https:\/\/www.muhccoead.com\/fr\/home\/"},{"@type":"ListItem","position":2,"name":"GA2LEN ADCARE"}]},{"@type":"WebSite","@id":"https:\/\/www.muhccoead.com\/fr\/#website","url":"https:\/\/www.muhccoead.com\/fr\/","name":"MUHC Centre of Excellence for Atopic Dermatitis","description":"Dermatogenix","publisher":{"@id":"https:\/\/www.muhccoead.com\/fr\/#organization"},"potentialAction":[{"@type":"SearchAction","target":{"@type":"EntryPoint","urlTemplate":"https:\/\/www.muhccoead.com\/fr\/?s={search_term_string}"},"query-input":{"@type":"PropertyValueSpecification","valueRequired":true,"valueName":"search_term_string"}}],"inLanguage":"fr-FR"},{"@type":"Organization","@id":"https:\/\/www.muhccoead.com\/fr\/#organization","name":"MUHC Centre of Excellence for Atopic Dermatitis","url":"https:\/\/www.muhccoead.com\/fr\/","logo":{"@type":"ImageObject","inLanguage":"fr-FR","@id":"https:\/\/www.muhccoead.com\/fr\/#\/schema\/logo\/image\/","url":"https:\/\/www.muhccoead.com\/wp-content\/uploads\/2022\/09\/MUHC-COE-AD-Logo.png","contentUrl":"https:\/\/www.muhccoead.com\/wp-content\/uploads\/2022\/09\/MUHC-COE-AD-Logo.png","width":249,"height":229,"caption":"MUHC Centre of Excellence for Atopic Dermatitis"},"image":{"@id":"https:\/\/www.muhccoead.com\/fr\/#\/schema\/logo\/image\/"}}]}},"featured_image_src":null,"featured_image_src_square":null,"_links":{"self":[{"href":"https:\/\/www.muhccoead.com\/fr\/wp-json\/wp\/v2\/pages\/935","targetHints":{"allow":["GET"]}}],"collection":[{"href":"https:\/\/www.muhccoead.com\/fr\/wp-json\/wp\/v2\/pages"}],"about":[{"href":"https:\/\/www.muhccoead.com\/fr\/wp-json\/wp\/v2\/types\/page"}],"author":[{"embeddable":true,"href":"https:\/\/www.muhccoead.com\/fr\/wp-json\/wp\/v2\/users\/3"}],"replies":[{"embeddable":true,"href":"https:\/\/www.muhccoead.com\/fr\/wp-json\/wp\/v2\/comments?post=935"}],"version-history":[{"count":0,"href":"https:\/\/www.muhccoead.com\/fr\/wp-json\/wp\/v2\/pages\/935\/revisions"}],"wp:attachment":[{"href":"https:\/\/www.muhccoead.com\/fr\/wp-json\/wp\/v2\/media?parent=935"}],"curies":[{"name":"wp","href":"https:\/\/api.w.org\/{rel}","templated":true}]}}