{"id":933,"date":"2022-08-16T16:26:51","date_gmt":"2022-08-16T16:26:51","guid":{"rendered":"https:\/\/dermatogenix.wpengine.com\/ressources-cliniques\/"},"modified":"2024-01-15T23:03:00","modified_gmt":"2024-01-15T23:03:00","slug":"ressources-cliniques","status":"publish","type":"page","link":"https:\/\/www.muhccoead.com\/fr\/ressources-cliniques\/","title":{"rendered":"Ressources cliniques"},"content":{"rendered":"\n\n\t\t\t<h1>Ressources cliniques<\/h1>\n\t<p>Dans le cadre de sa mission de promotion de l&rsquo;excellence et de la qualit\u00e9 des soins dans le traitement de la dermatite atopique de l&rsquo;adulte, le COE AD du CUSM est fier de partager ces ressources, \u00e9labor\u00e9es par la Dre Carolyn Jack et son \u00e9quipe, avec ses coll\u00e8gues cliniciens. Ces documents bilingues comprennent un document pour les patients couvrant les bases de la maladie, un guide sur les soins de barri\u00e8re et un outil d&rsquo;\u00e9valuation pour les m\u00e9decins. <\/p>\n<p>Ces ressources peuvent \u00eatre t\u00e9l\u00e9charg\u00e9es gratuitement. Nous vous demandons simplement, si vous pr\u00e9voyez d&rsquo;utiliser ces outils dans votre clinique, de nous envoyer un e-mail \u00e0 <a href=\"mailto:much.coe.ad@gmail.com\" target=\"_blank\" rel=\"noopener\">much.coe.ad@gmail.com<\/a> pour nous aider \u00e0 suivre l&rsquo;impact.<\/p>\n<h3>\n\t\tL&rsquo;\u00e9cole de l&rsquo;ecz\u00e9ma : Soutien au bien-\u00eatre\n\t<\/h3>\n<p>Ces outils ont \u00e9t\u00e9 \u00e9labor\u00e9s en collaboration avec des patients et des cliniciens, et nous cherchons \u00e0 obtenir la validation et le retour d&rsquo;information des patients et des cliniciens pour nous aider \u00e0 apporter des am\u00e9liorations. Nous organiserons \u00e9galement\u00a0<b>Six semaines pour le bien-\u00eatre : un programme pilote de soutien \u00e0 la sant\u00e9 mentale pour les patients adultes atteints de dermatite atopique<\/b>, ainsi que des s\u00e9minaires sur la sant\u00e9 mentale. N&rsquo;h\u00e9sitez pas \u00e0 nous envoyer un courriel \u00e0 l&rsquo;adresse\u00a0<a href=\"mailto:much.coe.ad@gmail.com\">much.coe.ad@gmail.com<\/a>\u00a0si vous souhaitez nous faire part de vos commentaires ou en savoir plus sur ces initiatives de soutien au bien-\u00eatre.<\/p>\n<h3>\n\t\tS\u00c9RIE DE CONF\u00c9RENCES A-TOPICS :  L&rsquo;APPRENTISSAGE NUM\u00c9RIQUE\n\t<\/h3>\n\t<p>A-Topics est une s\u00e9rie de conf\u00e9rences virtuelles sur la prise en charge de la dermatite atopique de l&rsquo;adulte. L&rsquo;objectif est de vous donner un aper\u00e7u de votre participation \u00e0 cette s\u00e9rie de webinaires, compos\u00e9e de conf\u00e9rences scientifiques d&rsquo;experts et d&rsquo;une r\u00e9union virtuelle \u00ab\u00a0en direct\u00a0\u00bb du conseil consultatif pour r\u00e9capituler et discuter du contenu, en anglais et en fran\u00e7ais.<\/p>\n<p>Cette s\u00e9rie de conf\u00e9rences bilingues est centr\u00e9e sur les meilleures pratiques cliniques, les avanc\u00e9es scientifiques r\u00e9centes et les derniers d\u00e9veloppements th\u00e9rapeutiques dans la dermatite atopique de l&rsquo;adulte. Elle vise \u00e9galement \u00e0 renforcer l&rsquo;expertise multidisciplinaire, en mettant l&rsquo;accent sur les comorbidit\u00e9s atopiques de cette maladie.<\/p>\n\t\t\t<a href=\"\/fr\/serie-de-conferences-a-topics\/a-topics-presentation\/\" target=\"_self\" rel=\"nofollow noopener\">\n\t\t\t\t\t\t\tAcc\u00e9der au mat\u00e9riel de cours\n\t\t\t\t\t<\/a>\n\t<h4>Programme<\/h4>\n1. <a href=\"\/fr\/serie-de-conferences-a-topics\/a-topics-presentation\/#topic-1-fr\">\u00c9pid\u00e9mie d&rsquo;atopie : population et environnement<\/a><br \/>\n2. <a href=\"\/fr\/serie-de-conferences-a-topics\/a-topics-presentation\/#topic-2-fr\">Aspects translationnels en pathobiologie de la dermatite atopique : ciblage des voies mol\u00e9culaires<\/a><br \/>\n3. <a href=\"\/fr\/serie-de-conferences-a-topics\/a-topics-presentation\/#topic-3-fr\">Directives changeantes pour le traitement<\/a><br \/>\n4. <a href=\"\/fr\/serie-de-conferences-a-topics\/a-topics-presentation\/#topic-4-fr\">Nouvelles th\u00e9rapies topiques pour le traitement de la dermatite atopique<\/a><br \/>\n5. <a href=\"\/fr\/serie-de-conferences-a-topics\/a-topics-presentation\/#topic-5-fr\">Nouvelles th\u00e9rapies syst\u00e9miques pour le traitement de la dermatite atopique<\/a><br \/>\n6. <a href=\"\/fr\/serie-de-conferences-a-topics\/a-topics-presentation\/#topic-6-fr\">Traitement des comorbidit\u00e9s chez les patients atteints de dermatite atopique : asthme, sinusite et autres complications<\/a><br \/>\n7. <a href=\"\/fr\/serie-de-conferences-a-topics\/a-topics-presentation\/#topic-7-fr\">Application des connaissances : utiliser des outils pour faciliter la communication avec les patients<\/a><br \/>\n8. <a href=\"\/fr\/serie-de-conferences-a-topics\/a-topics-presentation\/#topic-8-fr\">M\u00e9canismes de la dermatite atopique li\u00e9e \u00e0 S. aureus<\/a>\n<h3>\n\t\tGuide du Patient\n\t<\/h3>\n\t<p>Cet outil bilingue, \u00e9labor\u00e9 par le COE AD du CUSM, fournit aux patients des informations \u00e9ducatives valid\u00e9es sur la dermatite atopique (DA), commun\u00e9ment appel\u00e9e ecz\u00e9ma (ou ecz\u00e9ma atopique). Le guide couvre le r\u00f4le des ant\u00e9c\u00e9dents familiaux, de la r\u00e9ponse immunitaire, des conditions associ\u00e9es, et plus encore, et inclut les options les plus r\u00e9centes, bas\u00e9es sur les lignes directrices, disponibles pour le traitement de la maladie.<\/p>\n\t\t\t<a href=\"https:\/\/www.muhccoead.com\/wp-content\/uploads\/2023\/09\/FR_ATOPIC-DERMA_FIN-1.pdf\" download target=\"_blank\" rel=\"noopener nofollow\">\n\t\t\t\t\t\tT\u00e9l\u00e9charger\n\t\t\t\t\t<\/a>\n<h3>\n\t\tBrochure sur la sant\u00e9 mentale\n\t<\/h3>\n\t<p>La dermatite atopique ou ecz\u00e9ma n&rsquo;est pas une simple maladie de peau. Outre l&rsquo;augmentation des cas d&rsquo;asthme, de rhinite allergique et d&rsquo;allergies alimentaires (connue sous le nom de \u00ab\u00a0marche atopique\u00a0\u00bb), de nombreux patients peuvent \u00e9galement souffrir de comorbidit\u00e9s, notamment de d\u00e9pression et d&rsquo;anxi\u00e9t\u00e9. En effet, l&rsquo;ecz\u00e9ma peut avoir un impact significatif sur le bien-\u00eatre psychologique et \u00e9motionnel des patients. Ce d\u00e9pliant bilingue, \u00e9labor\u00e9 par le COE AD du CUSM, est con\u00e7u pour informer les patients sur les ressources disponibles en mati\u00e8re de sant\u00e9 mentale et pour encourager l&rsquo;acceptation de la notion selon laquelle la prise en charge de la sant\u00e9 mentale fait partie du traitement de l&rsquo;ecz\u00e9ma.<\/p>\n\t\t\t<a href=\"https:\/\/www.muhccoead.com\/wp-content\/uploads\/2023\/09\/French-Flyer-Wellness-V1.pdf\" download target=\"_blank\" rel=\"noopener nofollow\">\n\t\t\t\t\t\tT\u00e9l\u00e9charger\n\t\t\t\t\t<\/a>\n<h3>\n\t\tDermatite atopique &#8211; Prescription standard\n\t<\/h3>\n\t\t\t<a href=\"https:\/\/www.muhccoead.com\/wp-content\/uploads\/2023\/07\/Barrier-Cream-PXR_Bilingual_Template_CB-1.doc\" download target=\"_blank\" rel=\"noopener nofollow\">\n\t\t\t\t\t\tT\u00e9l\u00e9charger\n\t\t\t\t\t<\/a>\n<h3>\n\t\tDermatologie (+\/- Atopique) Dermatite &#8211; Prescription externe standard\n\t<\/h3>\n\t\t\t<a href=\"https:\/\/www.muhccoead.com\/wp-content\/uploads\/2024\/01\/MRC-3608-2023-08-24-DM-6636_cj_2023_v4.docx\" download target=\"_blank\" rel=\"noopener nofollow\">\n\t\t\t\t\t\tT\u00e9l\u00e9charger\n\t\t\t\t\t<\/a>\n<h3>\n\t\tCRO &#8211; Outil d&rsquo;\u00e9valuation des m\u00e9decins\n\t<\/h3>\n\t<p>Cet outil fournit aux m\u00e9decins des informations, des lignes directrices et une proc\u00e9dure syst\u00e9matique pour \u00e9valuer la dermatite atopique (DA) chez les patients. Le formulaire comprend un sch\u00e9ma de la surface corporelle (\u00e0 remplir) sur lequel les m\u00e9decins peuvent noter leurs observations. En outre, l&rsquo;outil d&rsquo;\u00e9valuation du m\u00e9decin fournit aux m\u00e9decins des outils d&rsquo;\u00e9valuation et de diagnostic d\u00e9taill\u00e9s pour identifier le phototype d&rsquo;un patient, \u00e9valuer les signes physiques et la gravit\u00e9 de la DA et noter les caract\u00e9ristiques morphologiques au moment de l&rsquo;examen. Les trois outils suivants sont utilis\u00e9s respectivement :<\/p>\n<p>Le phototype de Fitzpatrick : cet outil d&rsquo;\u00e9valuation r\u00e9pertorie six caract\u00e9ristiques cutan\u00e9es typiques et les capacit\u00e9s de bronzage correspondantes, par exemple : <em>Peau brune (caract\u00e9ristique) -&gt; br\u00fble rarement, bronze facilement<\/em> (aptitude au bronzage).<\/p>\n<p>L&rsquo;indice de surface et de gravit\u00e9 de l&rsquo;ecz\u00e9ma (EASI) : un outil de diagnostic utilis\u00e9 pour mesurer la gravit\u00e9 des signes physiques (sur une \u00e9chelle de 0 \u00e0 3) et la surface de l&rsquo;atteinte sur le corps de la MA (pourcentage not\u00e9 sur une \u00e9chelle de 0 \u00e0 6).<\/p>\n<p>Validated Investigator Global Assessment scale for Atopic Dermatitis (vIGA-ADTM) : instrument de mesure des r\u00e9sultats cliniques qui utilise des descripteurs morphologiques pour \u00e9valuer l&rsquo;apparence g\u00e9n\u00e9rale des l\u00e9sions de la DA \u00e0 un moment donn\u00e9.<\/p>\n\t\t\t<a href=\"https:\/\/www.muhccoead.com\/wp-content\/uploads\/2023\/06\/MUHC-Dermatology-Atopic-Dermatitis-Physician-assessment-tool.doc\" download target=\"_blank\" rel=\"noopener nofollow\">\n\t\t\t\t\t\tT\u00e9l\u00e9charger\n\t\t\t\t\t<\/a>\n<h3>\n\t\tFormulaire d&rsquo;admission\n\t<\/h3>\n\t<p>Le formulaire d&rsquo;admission doit \u00eatre rempli par le patient. Il s&rsquo;agit d&rsquo;un document de 11 pages, comportant six (6) sections (A-&gt;F) et un total de 45 questions, con\u00e7u pour recueillir des informations sur l&rsquo;ecz\u00e9ma du patient, les comorbidit\u00e9s atopiques et la prise en charge actuelle de la maladie, ainsi que sur les ant\u00e9c\u00e9dents et les ant\u00e9c\u00e9dents familiaux d&rsquo;atopie.<\/p>\n\t\t\t<a href=\"https:\/\/www.muhccoead.com\/wp-content\/uploads\/2023\/06\/MUHC-COE-AD-Intake-questionnaire-bilingual.docx\" download target=\"_blank\" rel=\"noopener nofollow\">\n\t\t\t\t\t\tT\u00e9l\u00e9charger\n\t\t\t\t\t<\/a>\n<h3>\n\t\tPRO &#8211; R\u00e9sultats rapport\u00e9s par les patients\n\t<\/h3>\n\t<p>Cet outil bilingue comprend deux mesures de r\u00e9sultats rapport\u00e9s par les patients (PRO) : la mesure de l&rsquo;ecz\u00e9ma orient\u00e9e vers le patient (POEM) et l&rsquo;indice de qualit\u00e9 de vie en dermatologie (DLQI).<\/p>\n<p>La POEM est un outil utilis\u00e9 pour surveiller la gravit\u00e9 de l&rsquo;ecz\u00e9ma atopique. Il se concentre sur la maladie telle qu&rsquo;elle est v\u00e9cue par le patient. Adapt\u00e9 aux consultations externes, aux audits, aux \u00e9tudes \u00e9pid\u00e9miologiques et aux essais cliniques, le POEM a \u00e9t\u00e9 recommand\u00e9 dans les directives cliniques, notamment celles \u00e9mises par le National Institute for Health and Care Excellence (NICE). Le POEM est <a href=\"https:\/\/www.ncbi.nlm.nih.gov\/pubmed\/27858989\" target=\"_blank\" rel=\"noopener\">recommend\u00e9<\/a> par l&rsquo;initiative <a href=\"http:\/\/www.nottingham.ac.uk\/homeforeczema\/index.aspx\" target=\"_blank\" rel=\"noopener\">HOME<\/a> (Harmonising Outcome Measures for Eczema) comme instrument de base pour mesurer les sympt\u00f4mes rapport\u00e9s par les patients dans les essais sur l&rsquo;ecz\u00e9ma.<\/p>\n<p>Le questionnaire DLQI est con\u00e7u pour \u00eatre utilis\u00e9 chez les adultes, c&rsquo;est-\u00e0-dire les patients \u00e2g\u00e9s de plus de 16 ans. Il est explicite et peut \u00eatre remis au patient qui doit le remplir sans avoir besoin d&rsquo;explications d\u00e9taill\u00e9es. Il est g\u00e9n\u00e9ralement rempli en une ou deux minutes.<\/p>\n\t\t\t<a href=\"https:\/\/www.muhccoead.com\/wp-content\/uploads\/2023\/06\/MUHC-Dermatology-Atopic-dermatitis-Patient-reported-outcomes.pdf\" download target=\"_blank\" rel=\"noopener nofollow\">\n\t\t\t\t\t\tT\u00e9l\u00e9charger\n\t\t\t\t\t<\/a>\n<h3>\n\t\tOutil d&rsquo;evaluation\n\t<\/h3>\n\t<p>Il s&rsquo;agit d&rsquo;un outil de d\u00e9pistage court, compos\u00e9 de 5 questions, qui permet de d\u00e9tecter les d\u00e9mangeaisons et les affections atopiques.<\/p>\n\t\t\t<a href=\"https:\/\/www.muhccoead.com\/wp-content\/uploads\/2023\/07\/Remote-patient-screening-Atopic-Dermatitis.docx\" download target=\"_blank\" rel=\"noopener nofollow\">\n\t\t\t\t\t\tT\u00e9l\u00e9charger\n\t\t\t\t\t<\/a>\n\n","protected":false},"excerpt":{"rendered":"<p>Ressources cliniques Dans le cadre de sa mission de promotion de l&rsquo;excellence et de la qualit\u00e9 des soins dans le traitement de la dermatite atopique de l&rsquo;adulte, le COE AD du CUSM est fier de partager ces ressources, \u00e9labor\u00e9es par la Dre Carolyn Jack et son \u00e9quipe, avec ses coll\u00e8gues cliniciens. Ces documents bilingues comprennent [&hellip;]<\/p>\n","protected":false},"author":3,"featured_media":0,"parent":0,"menu_order":0,"comment_status":"closed","ping_status":"closed","template":"","meta":{"site-sidebar-layout":"no-sidebar","site-content-layout":"page-builder","ast-site-content-layout":"full-width-container","site-content-style":"unboxed","site-sidebar-style":"unboxed","ast-global-header-display":"","ast-banner-title-visibility":"","ast-main-header-display":"","ast-hfb-above-header-display":"","ast-hfb-below-header-display":"","ast-hfb-mobile-header-display":"","site-post-title":"disabled","ast-breadcrumbs-content":"","ast-featured-img":"disabled","footer-sml-layout":"","ast-disable-related-posts":"","theme-transparent-header-meta":"enabled","adv-header-id-meta":"","stick-header-meta":"default","header-above-stick-meta":"","header-main-stick-meta":"","header-below-stick-meta":"","astra-migrate-meta-layouts":"set","ast-page-background-enabled":"default","ast-page-background-meta":{"desktop":{"background-color":"","background-image":"","background-repeat":"repeat","background-position":"center center","background-size":"auto","background-attachment":"scroll","background-type":"","background-media":"","overlay-type":"","overlay-color":"","overlay-opacity":"","overlay-gradient":""},"tablet":{"background-color":"","background-image":"","background-repeat":"repeat","background-position":"center center","background-size":"auto","background-attachment":"scroll","background-type":"","background-media":"","overlay-type":"","overlay-color":"","overlay-opacity":"","overlay-gradient":""},"mobile":{"background-color":"","background-image":"","background-repeat":"repeat","background-position":"center center","background-size":"auto","background-attachment":"scroll","background-type":"","background-media":"","overlay-type":"","overlay-color":"","overlay-opacity":"","overlay-gradient":""}},"ast-content-background-meta":{"desktop":{"background-color":"var(--ast-global-color-5)","background-image":"","background-repeat":"repeat","background-position":"center center","background-size":"auto","background-attachment":"scroll","background-type":"","background-media":"","overlay-type":"","overlay-color":"","overlay-opacity":"","overlay-gradient":""},"tablet":{"background-color":"var(--ast-global-color-5)","background-image":"","background-repeat":"repeat","background-position":"center center","background-size":"auto","background-attachment":"scroll","background-type":"","background-media":"","overlay-type":"","overlay-color":"","overlay-opacity":"","overlay-gradient":""},"mobile":{"background-color":"var(--ast-global-color-5)","background-image":"","background-repeat":"repeat","background-position":"center center","background-size":"auto","background-attachment":"scroll","background-type":"","background-media":"","overlay-type":"","overlay-color":"","overlay-opacity":"","overlay-gradient":""}},"footnotes":""},"class_list":["post-933","page","type-page","status-publish","hentry"],"yoast_head":"<!-- This site is optimized with the Yoast SEO plugin v27.4 - https:\/\/yoast.com\/product\/yoast-seo-wordpress\/ -->\n<title>Ressources cliniques | MUHC Centre of Excellence for Atopic Dermatitis<\/title>\n<meta name=\"description\" content=\"Dans le cadre de sa mission de promotion de l&#039;excellence et de la qualit\u00e9 des soins dans le traitement de la dermatite atopique de l&#039;adulte, le COE AD du CUSM est fier de partager ces ressources, \u00e9labor\u00e9es par la Dre Carolyn Jack et son \u00e9quipe, avec ses coll\u00e8gues cliniciens.\" \/>\n<meta name=\"robots\" content=\"index, follow, max-snippet:-1, max-image-preview:large, max-video-preview:-1\" \/>\n<link rel=\"canonical\" href=\"https:\/\/www.muhccoead.com\/fr\/ressources-cliniques\/\" \/>\n<meta property=\"og:locale\" content=\"fr_FR\" \/>\n<meta property=\"og:type\" content=\"article\" \/>\n<meta property=\"og:title\" content=\"Ressources cliniques | MUHC Centre of Excellence for Atopic Dermatitis\" \/>\n<meta property=\"og:description\" content=\"Dans le cadre de sa mission de promotion de l&#039;excellence et de la qualit\u00e9 des soins dans le traitement de la dermatite atopique de l&#039;adulte, le COE AD du CUSM est fier de partager ces ressources, \u00e9labor\u00e9es par la Dre Carolyn Jack et son \u00e9quipe, avec ses coll\u00e8gues cliniciens.\" \/>\n<meta property=\"og:url\" content=\"https:\/\/www.muhccoead.com\/fr\/ressources-cliniques\/\" \/>\n<meta property=\"og:site_name\" content=\"MUHC Centre of Excellence for Atopic Dermatitis\" \/>\n<meta property=\"article:modified_time\" content=\"2024-01-15T23:03:00+00:00\" \/>\n<meta name=\"twitter:card\" content=\"summary_large_image\" \/>\n<meta name=\"twitter:label1\" content=\"Dur\u00e9e de lecture estim\u00e9e\" \/>\n\t<meta name=\"twitter:data1\" content=\"4 minutes\" \/>\n<script type=\"application\/ld+json\" class=\"yoast-schema-graph\">{\"@context\":\"https:\\\/\\\/schema.org\",\"@graph\":[{\"@type\":\"WebPage\",\"@id\":\"https:\\\/\\\/www.muhccoead.com\\\/fr\\\/ressources-cliniques\\\/\",\"url\":\"https:\\\/\\\/www.muhccoead.com\\\/fr\\\/ressources-cliniques\\\/\",\"name\":\"Ressources cliniques | MUHC Centre of Excellence for Atopic Dermatitis\",\"isPartOf\":{\"@id\":\"https:\\\/\\\/www.muhccoead.com\\\/fr\\\/#website\"},\"datePublished\":\"2022-08-16T16:26:51+00:00\",\"dateModified\":\"2024-01-15T23:03:00+00:00\",\"description\":\"Dans le cadre de sa mission de promotion de l'excellence et de la qualit\u00e9 des soins dans le traitement de la dermatite atopique de l'adulte, le COE AD du CUSM est fier de partager ces ressources, \u00e9labor\u00e9es par la Dre Carolyn Jack et son \u00e9quipe, avec ses coll\u00e8gues cliniciens.\",\"breadcrumb\":{\"@id\":\"https:\\\/\\\/www.muhccoead.com\\\/fr\\\/ressources-cliniques\\\/#breadcrumb\"},\"inLanguage\":\"fr-FR\",\"potentialAction\":[{\"@type\":\"ReadAction\",\"target\":[\"https:\\\/\\\/www.muhccoead.com\\\/fr\\\/ressources-cliniques\\\/\"]}]},{\"@type\":\"BreadcrumbList\",\"@id\":\"https:\\\/\\\/www.muhccoead.com\\\/fr\\\/ressources-cliniques\\\/#breadcrumb\",\"itemListElement\":[{\"@type\":\"ListItem\",\"position\":1,\"name\":\"Home\",\"item\":\"https:\\\/\\\/www.muhccoead.com\\\/fr\\\/home\\\/\"},{\"@type\":\"ListItem\",\"position\":2,\"name\":\"Ressources cliniques\"}]},{\"@type\":\"WebSite\",\"@id\":\"https:\\\/\\\/www.muhccoead.com\\\/fr\\\/#website\",\"url\":\"https:\\\/\\\/www.muhccoead.com\\\/fr\\\/\",\"name\":\"MUHC Centre of Excellence for Atopic Dermatitis\",\"description\":\"Dermatogenix\",\"publisher\":{\"@id\":\"https:\\\/\\\/www.muhccoead.com\\\/fr\\\/#organization\"},\"potentialAction\":[{\"@type\":\"SearchAction\",\"target\":{\"@type\":\"EntryPoint\",\"urlTemplate\":\"https:\\\/\\\/www.muhccoead.com\\\/fr\\\/?s={search_term_string}\"},\"query-input\":{\"@type\":\"PropertyValueSpecification\",\"valueRequired\":true,\"valueName\":\"search_term_string\"}}],\"inLanguage\":\"fr-FR\"},{\"@type\":\"Organization\",\"@id\":\"https:\\\/\\\/www.muhccoead.com\\\/fr\\\/#organization\",\"name\":\"MUHC Centre of Excellence for Atopic Dermatitis\",\"url\":\"https:\\\/\\\/www.muhccoead.com\\\/fr\\\/\",\"logo\":{\"@type\":\"ImageObject\",\"inLanguage\":\"fr-FR\",\"@id\":\"https:\\\/\\\/www.muhccoead.com\\\/fr\\\/#\\\/schema\\\/logo\\\/image\\\/\",\"url\":\"https:\\\/\\\/www.muhccoead.com\\\/wp-content\\\/uploads\\\/2022\\\/09\\\/MUHC-COE-AD-Logo.png\",\"contentUrl\":\"https:\\\/\\\/www.muhccoead.com\\\/wp-content\\\/uploads\\\/2022\\\/09\\\/MUHC-COE-AD-Logo.png\",\"width\":249,\"height\":229,\"caption\":\"MUHC Centre of Excellence for Atopic Dermatitis\"},\"image\":{\"@id\":\"https:\\\/\\\/www.muhccoead.com\\\/fr\\\/#\\\/schema\\\/logo\\\/image\\\/\"}}]}<\/script>\n<!-- \/ Yoast SEO plugin. -->","yoast_head_json":{"title":"Ressources cliniques | MUHC Centre of Excellence for Atopic Dermatitis","description":"Dans le cadre de sa mission de promotion de l'excellence et de la qualit\u00e9 des soins dans le traitement de la dermatite atopique de l'adulte, le COE AD du CUSM est fier de partager ces ressources, \u00e9labor\u00e9es par la Dre Carolyn Jack et son \u00e9quipe, avec ses coll\u00e8gues cliniciens.","robots":{"index":"index","follow":"follow","max-snippet":"max-snippet:-1","max-image-preview":"max-image-preview:large","max-video-preview":"max-video-preview:-1"},"canonical":"https:\/\/www.muhccoead.com\/fr\/ressources-cliniques\/","og_locale":"fr_FR","og_type":"article","og_title":"Ressources cliniques | MUHC Centre of Excellence for Atopic Dermatitis","og_description":"Dans le cadre de sa mission de promotion de l'excellence et de la qualit\u00e9 des soins dans le traitement de la dermatite atopique de l'adulte, le COE AD du CUSM est fier de partager ces ressources, \u00e9labor\u00e9es par la Dre Carolyn Jack et son \u00e9quipe, avec ses coll\u00e8gues cliniciens.","og_url":"https:\/\/www.muhccoead.com\/fr\/ressources-cliniques\/","og_site_name":"MUHC Centre of Excellence for Atopic Dermatitis","article_modified_time":"2024-01-15T23:03:00+00:00","twitter_card":"summary_large_image","twitter_misc":{"Dur\u00e9e de lecture estim\u00e9e":"4 minutes"},"schema":{"@context":"https:\/\/schema.org","@graph":[{"@type":"WebPage","@id":"https:\/\/www.muhccoead.com\/fr\/ressources-cliniques\/","url":"https:\/\/www.muhccoead.com\/fr\/ressources-cliniques\/","name":"Ressources cliniques | MUHC Centre of Excellence for Atopic Dermatitis","isPartOf":{"@id":"https:\/\/www.muhccoead.com\/fr\/#website"},"datePublished":"2022-08-16T16:26:51+00:00","dateModified":"2024-01-15T23:03:00+00:00","description":"Dans le cadre de sa mission de promotion de l'excellence et de la qualit\u00e9 des soins dans le traitement de la dermatite atopique de l'adulte, le COE AD du CUSM est fier de partager ces ressources, \u00e9labor\u00e9es par la Dre Carolyn Jack et son \u00e9quipe, avec ses coll\u00e8gues cliniciens.","breadcrumb":{"@id":"https:\/\/www.muhccoead.com\/fr\/ressources-cliniques\/#breadcrumb"},"inLanguage":"fr-FR","potentialAction":[{"@type":"ReadAction","target":["https:\/\/www.muhccoead.com\/fr\/ressources-cliniques\/"]}]},{"@type":"BreadcrumbList","@id":"https:\/\/www.muhccoead.com\/fr\/ressources-cliniques\/#breadcrumb","itemListElement":[{"@type":"ListItem","position":1,"name":"Home","item":"https:\/\/www.muhccoead.com\/fr\/home\/"},{"@type":"ListItem","position":2,"name":"Ressources cliniques"}]},{"@type":"WebSite","@id":"https:\/\/www.muhccoead.com\/fr\/#website","url":"https:\/\/www.muhccoead.com\/fr\/","name":"MUHC Centre of Excellence for Atopic Dermatitis","description":"Dermatogenix","publisher":{"@id":"https:\/\/www.muhccoead.com\/fr\/#organization"},"potentialAction":[{"@type":"SearchAction","target":{"@type":"EntryPoint","urlTemplate":"https:\/\/www.muhccoead.com\/fr\/?s={search_term_string}"},"query-input":{"@type":"PropertyValueSpecification","valueRequired":true,"valueName":"search_term_string"}}],"inLanguage":"fr-FR"},{"@type":"Organization","@id":"https:\/\/www.muhccoead.com\/fr\/#organization","name":"MUHC Centre of Excellence for Atopic Dermatitis","url":"https:\/\/www.muhccoead.com\/fr\/","logo":{"@type":"ImageObject","inLanguage":"fr-FR","@id":"https:\/\/www.muhccoead.com\/fr\/#\/schema\/logo\/image\/","url":"https:\/\/www.muhccoead.com\/wp-content\/uploads\/2022\/09\/MUHC-COE-AD-Logo.png","contentUrl":"https:\/\/www.muhccoead.com\/wp-content\/uploads\/2022\/09\/MUHC-COE-AD-Logo.png","width":249,"height":229,"caption":"MUHC Centre of Excellence for Atopic Dermatitis"},"image":{"@id":"https:\/\/www.muhccoead.com\/fr\/#\/schema\/logo\/image\/"}}]}},"featured_image_src":null,"featured_image_src_square":null,"_links":{"self":[{"href":"https:\/\/www.muhccoead.com\/fr\/wp-json\/wp\/v2\/pages\/933","targetHints":{"allow":["GET"]}}],"collection":[{"href":"https:\/\/www.muhccoead.com\/fr\/wp-json\/wp\/v2\/pages"}],"about":[{"href":"https:\/\/www.muhccoead.com\/fr\/wp-json\/wp\/v2\/types\/page"}],"author":[{"embeddable":true,"href":"https:\/\/www.muhccoead.com\/fr\/wp-json\/wp\/v2\/users\/3"}],"replies":[{"embeddable":true,"href":"https:\/\/www.muhccoead.com\/fr\/wp-json\/wp\/v2\/comments?post=933"}],"version-history":[{"count":0,"href":"https:\/\/www.muhccoead.com\/fr\/wp-json\/wp\/v2\/pages\/933\/revisions"}],"wp:attachment":[{"href":"https:\/\/www.muhccoead.com\/fr\/wp-json\/wp\/v2\/media?parent=933"}],"curies":[{"name":"wp","href":"https:\/\/api.w.org\/{rel}","templated":true}]}}