{"id":1276,"date":"2023-10-27T15:07:46","date_gmt":"2023-10-27T15:07:46","guid":{"rendered":"https:\/\/www.muhccoead.com\/conditions-generales\/"},"modified":"2025-09-16T20:30:30","modified_gmt":"2025-09-16T20:30:30","slug":"conditions-d-utilisation","status":"publish","type":"page","link":"https:\/\/www.muhccoead.com\/fr\/conditions-d-utilisation\/","title":{"rendered":"Conditions d&rsquo;utilisation"},"content":{"rendered":"\n<h1>Conditions d&rsquo;utilisation<\/h1>\n\t\t\t<h4>Clause de non-responsabilit\u00e9 pour les informations fournies sur muhccoead.com<\/h4>\n\t\t\t\t<p>Les informations fournies sur le site&nbsp;<a href=\"http:\/\/muhccoead.com\/\" target=\"_blank\" rel=\"noopener\" data-saferedirecturl=\"https:\/\/www.google.com\/url?q=http:\/\/muhccoead.com&amp;source=gmail&amp;ust=1698500293040000&amp;usg=AOvVaw3_ng_Vs60afyHjfJh3BWhV\">muhccoead.com<\/a>&nbsp;le sont \u00e0 titre d&rsquo;information g\u00e9n\u00e9rale uniquement. Bien que nous nous efforcions de fournir des informations exactes et \u00e0 jour, nous ne faisons aucune d\u00e9claration ni ne donnons aucune garantie, expresse ou implicite, quant \u00e0 l&rsquo;exhaustivit\u00e9, l&rsquo;exactitude, la fiabilit\u00e9, l&rsquo;ad\u00e9quation ou la disponibilit\u00e9 des informations, des produits, des services ou des graphiques connexes contenus dans ce site web.<\/p>\n\t\t\t<h4>Avis de non-responsabilit\u00e9 m\u00e9dicale<\/h4>\n\t\t\t\t<p>Les informations contenues dans ce site web ne sont pas destin\u00e9es \u00e0 se substituer \u00e0 un avis, un diagnostic ou un traitement m\u00e9dical professionnel. Demandez toujours l&rsquo;avis de votre m\u00e9decin ou d&rsquo;un autre professionnel de la sant\u00e9 qualifi\u00e9 pour toute question relative \u00e0 un probl\u00e8me m\u00e9dical. Ne n\u00e9gligez jamais un avis m\u00e9dical professionnel et ne tardez pas \u00e0 le demander en raison de ce que vous avez lu sur ce site web.<\/p>\n\t\t\t<h4>Clause de non-responsabilit\u00e9<\/h4>\n\t\t\t\t<p>En aucun cas&nbsp;<a href=\"http:\/\/muhccoead.com\/\" target=\"_blank\" rel=\"noopener\" data-saferedirecturl=\"https:\/\/www.google.com\/url?q=http:\/\/muhccoead.com&amp;source=gmail&amp;ust=1698500293040000&amp;usg=AOvVaw3_ng_Vs60afyHjfJh3BWhV\">muhccoead.com<\/a>&nbsp;ou ses propri\u00e9taires, administrateurs ou contributeurs ne pourront \u00eatre tenus responsables d&rsquo;une quelconque perte ou d&rsquo;un quelconque dommage, y compris, mais sans s&rsquo;y limiter, d&rsquo;une perte ou d&rsquo;un dommage indirect ou cons\u00e9cutif, ou d&rsquo;une quelconque perte ou d&rsquo;un quelconque dommage r\u00e9sultant d&rsquo;une perte de donn\u00e9es ou de b\u00e9n\u00e9fices d\u00e9coulant de l&rsquo;utilisation de ce site web ou en rapport avec celle-ci.<\/p>\n\t\t\t<h4>Clause de non-responsabilit\u00e9 concernant les liens externes<\/h4>\n\t\t\t\t<p>Ce site web peut fournir des liens vers d&rsquo;autres sites web pour votre commodit\u00e9 et votre information. Nous n&rsquo;approuvons pas le contenu de ces sites et ne sommes pas responsables de leur contenu. L&rsquo;utilisation de tout site web li\u00e9 se fait \u00e0 vos risques et p\u00e9rils.<\/p>\n\t\t\t<h4>Avis de droit d&rsquo;auteur<\/h4>\n\t\t\t\t<p>Le contenu de ce site web est la propri\u00e9t\u00e9 de&nbsp;<a href=\"http:\/\/muhccoead.com\/\" target=\"_blank\" rel=\"noopener\" data-saferedirecturl=\"https:\/\/www.google.com\/url?q=http:\/\/muhccoead.com&amp;source=gmail&amp;ust=1698500293040000&amp;usg=AOvVaw3_ng_Vs60afyHjfJh3BWhV\">muhccoead.com<\/a>&nbsp;et est prot\u00e9g\u00e9 par les lois sur le droit d&rsquo;auteur. Il est interdit de reproduire, de distribuer ou de transmettre tout contenu sans notre autorisation \u00e9crite pr\u00e9alable.<\/p>\n\t\t\t<h4>Modifications de la clause de non-responsabilit\u00e9<\/h4>\n\t\t\t\t<p>Nous nous r\u00e9servons le droit de modifier ou de remplacer la pr\u00e9sente clause de non-responsabilit\u00e9 \u00e0 tout moment. Il vous incombe de v\u00e9rifier r\u00e9guli\u00e8rement si des modifications ont \u00e9t\u00e9 apport\u00e9es \u00e0 la pr\u00e9sente clause de non-responsabilit\u00e9.<\/p>\n\t\t\t<h4>Juridiction<\/h4>\n\t\t\t\t<p>Le pr\u00e9sent avis de non-responsabilit\u00e9 est r\u00e9gi et interpr\u00e9t\u00e9 conform\u00e9ment aux lois du Canada. Tout litige relatif \u00e0 cette clause de non-responsabilit\u00e9 sera soumis \u00e0 la comp\u00e9tence exclusive des tribunaux du Canada.<\/p>\n\t\t\t<h4>Informations de contact<\/h4>\n\t\t\t\t<p>Si vous avez des questions ou des pr\u00e9occupations concernant cette clause de non-responsabilit\u00e9, veuillez nous contacter \u00e0 l&rsquo;adresse suivante : muhccoead@gmail.com.<\/p>\n","protected":false},"excerpt":{"rendered":"<p>Conditions d&rsquo;utilisation Clause de non-responsabilit\u00e9 pour les informations fournies sur muhccoead.com Les informations fournies sur le site&nbsp;muhccoead.com&nbsp;le sont \u00e0 titre d&rsquo;information g\u00e9n\u00e9rale uniquement. Bien que nous nous efforcions de fournir des informations exactes et \u00e0 jour, nous ne faisons aucune d\u00e9claration ni ne donnons aucune garantie, expresse ou implicite, quant \u00e0 l&rsquo;exhaustivit\u00e9, l&rsquo;exactitude, la fiabilit\u00e9, [&hellip;]<\/p>\n","protected":false},"author":3,"featured_media":0,"parent":0,"menu_order":0,"comment_status":"closed","ping_status":"closed","template":"","meta":{"site-sidebar-layout":"no-sidebar","site-content-layout":"page-builder","ast-site-content-layout":"full-width-container","site-content-style":"unboxed","site-sidebar-style":"unboxed","ast-global-header-display":"","ast-banner-title-visibility":"","ast-main-header-display":"","ast-hfb-above-header-display":"","ast-hfb-below-header-display":"","ast-hfb-mobile-header-display":"","site-post-title":"disabled","ast-breadcrumbs-content":"","ast-featured-img":"","footer-sml-layout":"","ast-disable-related-posts":"","theme-transparent-header-meta":"enabled","adv-header-id-meta":"","stick-header-meta":"default","header-above-stick-meta":"","header-main-stick-meta":"","header-below-stick-meta":"","astra-migrate-meta-layouts":"set","ast-page-background-enabled":"default","ast-page-background-meta":{"desktop":{"background-color":"","background-image":"","background-repeat":"repeat","background-position":"center center","background-size":"auto","background-attachment":"scroll","background-type":"","background-media":"","overlay-type":"","overlay-color":"","overlay-opacity":"","overlay-gradient":""},"tablet":{"background-color":"","background-image":"","background-repeat":"repeat","background-position":"center center","background-size":"auto","background-attachment":"scroll","background-type":"","background-media":"","overlay-type":"","overlay-color":"","overlay-opacity":"","overlay-gradient":""},"mobile":{"background-color":"","background-image":"","background-repeat":"repeat","background-position":"center center","background-size":"auto","background-attachment":"scroll","background-type":"","background-media":"","overlay-type":"","overlay-color":"","overlay-opacity":"","overlay-gradient":""}},"ast-content-background-meta":{"desktop":{"background-color":"var(--ast-global-color-5)","background-image":"","background-repeat":"repeat","background-position":"center center","background-size":"auto","background-attachment":"scroll","background-type":"","background-media":"","overlay-type":"","overlay-color":"","overlay-opacity":"","overlay-gradient":""},"tablet":{"background-color":"var(--ast-global-color-5)","background-image":"","background-repeat":"repeat","background-position":"center center","background-size":"auto","background-attachment":"scroll","background-type":"","background-media":"","overlay-type":"","overlay-color":"","overlay-opacity":"","overlay-gradient":""},"mobile":{"background-color":"var(--ast-global-color-5)","background-image":"","background-repeat":"repeat","background-position":"center center","background-size":"auto","background-attachment":"scroll","background-type":"","background-media":"","overlay-type":"","overlay-color":"","overlay-opacity":"","overlay-gradient":""}},"footnotes":""},"class_list":["post-1276","page","type-page","status-publish","hentry"],"yoast_head":"<!-- This site is optimized with the Yoast SEO plugin v27.4 - https:\/\/yoast.com\/product\/yoast-seo-wordpress\/ -->\n<title>Conditions d&#039;utilisation | MUHC Centre of Excellence for Atopic Dermatitis<\/title>\n<meta name=\"robots\" content=\"index, follow, max-snippet:-1, max-image-preview:large, max-video-preview:-1\" \/>\n<link rel=\"canonical\" href=\"https:\/\/www.muhccoead.com\/fr\/conditions-d-utilisation\/\" \/>\n<meta property=\"og:locale\" content=\"fr_FR\" \/>\n<meta property=\"og:type\" content=\"article\" \/>\n<meta property=\"og:title\" content=\"Conditions d&#039;utilisation | MUHC Centre of Excellence for Atopic Dermatitis\" \/>\n<meta property=\"og:description\" content=\"Conditions d&rsquo;utilisation Clause de non-responsabilit\u00e9 pour les informations fournies sur muhccoead.com Les informations fournies sur le site&nbsp;muhccoead.com&nbsp;le sont \u00e0 titre d&rsquo;information g\u00e9n\u00e9rale uniquement. Bien que nous nous efforcions de fournir des informations exactes et \u00e0 jour, nous ne faisons aucune d\u00e9claration ni ne donnons aucune garantie, expresse ou implicite, quant \u00e0 l&rsquo;exhaustivit\u00e9, l&rsquo;exactitude, la fiabilit\u00e9, [&hellip;]\" \/>\n<meta property=\"og:url\" content=\"https:\/\/www.muhccoead.com\/fr\/conditions-d-utilisation\/\" \/>\n<meta property=\"og:site_name\" content=\"MUHC Centre of Excellence for Atopic Dermatitis\" \/>\n<meta property=\"article:modified_time\" content=\"2025-09-16T20:30:30+00:00\" \/>\n<meta name=\"twitter:card\" content=\"summary_large_image\" \/>\n<meta name=\"twitter:label1\" content=\"Dur\u00e9e de lecture estim\u00e9e\" \/>\n\t<meta name=\"twitter:data1\" content=\"2 minutes\" \/>\n<script type=\"application\/ld+json\" class=\"yoast-schema-graph\">{\"@context\":\"https:\\\/\\\/schema.org\",\"@graph\":[{\"@type\":\"WebPage\",\"@id\":\"https:\\\/\\\/www.muhccoead.com\\\/fr\\\/conditions-d-utilisation\\\/\",\"url\":\"https:\\\/\\\/www.muhccoead.com\\\/fr\\\/conditions-d-utilisation\\\/\",\"name\":\"Conditions d'utilisation | MUHC Centre of Excellence for Atopic Dermatitis\",\"isPartOf\":{\"@id\":\"https:\\\/\\\/www.muhccoead.com\\\/fr\\\/#website\"},\"datePublished\":\"2023-10-27T15:07:46+00:00\",\"dateModified\":\"2025-09-16T20:30:30+00:00\",\"breadcrumb\":{\"@id\":\"https:\\\/\\\/www.muhccoead.com\\\/fr\\\/conditions-d-utilisation\\\/#breadcrumb\"},\"inLanguage\":\"fr-FR\",\"potentialAction\":[{\"@type\":\"ReadAction\",\"target\":[\"https:\\\/\\\/www.muhccoead.com\\\/fr\\\/conditions-d-utilisation\\\/\"]}]},{\"@type\":\"BreadcrumbList\",\"@id\":\"https:\\\/\\\/www.muhccoead.com\\\/fr\\\/conditions-d-utilisation\\\/#breadcrumb\",\"itemListElement\":[{\"@type\":\"ListItem\",\"position\":1,\"name\":\"Home\",\"item\":\"https:\\\/\\\/www.muhccoead.com\\\/fr\\\/home\\\/\"},{\"@type\":\"ListItem\",\"position\":2,\"name\":\"Conditions d&#8217;utilisation\"}]},{\"@type\":\"WebSite\",\"@id\":\"https:\\\/\\\/www.muhccoead.com\\\/fr\\\/#website\",\"url\":\"https:\\\/\\\/www.muhccoead.com\\\/fr\\\/\",\"name\":\"MUHC Centre of Excellence for Atopic Dermatitis\",\"description\":\"Dermatogenix\",\"publisher\":{\"@id\":\"https:\\\/\\\/www.muhccoead.com\\\/fr\\\/#organization\"},\"potentialAction\":[{\"@type\":\"SearchAction\",\"target\":{\"@type\":\"EntryPoint\",\"urlTemplate\":\"https:\\\/\\\/www.muhccoead.com\\\/fr\\\/?s={search_term_string}\"},\"query-input\":{\"@type\":\"PropertyValueSpecification\",\"valueRequired\":true,\"valueName\":\"search_term_string\"}}],\"inLanguage\":\"fr-FR\"},{\"@type\":\"Organization\",\"@id\":\"https:\\\/\\\/www.muhccoead.com\\\/fr\\\/#organization\",\"name\":\"MUHC Centre of Excellence for Atopic Dermatitis\",\"url\":\"https:\\\/\\\/www.muhccoead.com\\\/fr\\\/\",\"logo\":{\"@type\":\"ImageObject\",\"inLanguage\":\"fr-FR\",\"@id\":\"https:\\\/\\\/www.muhccoead.com\\\/fr\\\/#\\\/schema\\\/logo\\\/image\\\/\",\"url\":\"https:\\\/\\\/www.muhccoead.com\\\/wp-content\\\/uploads\\\/2022\\\/09\\\/MUHC-COE-AD-Logo.png\",\"contentUrl\":\"https:\\\/\\\/www.muhccoead.com\\\/wp-content\\\/uploads\\\/2022\\\/09\\\/MUHC-COE-AD-Logo.png\",\"width\":249,\"height\":229,\"caption\":\"MUHC Centre of Excellence for Atopic Dermatitis\"},\"image\":{\"@id\":\"https:\\\/\\\/www.muhccoead.com\\\/fr\\\/#\\\/schema\\\/logo\\\/image\\\/\"}}]}<\/script>\n<!-- \/ Yoast SEO plugin. -->","yoast_head_json":{"title":"Conditions d'utilisation | MUHC Centre of Excellence for Atopic Dermatitis","robots":{"index":"index","follow":"follow","max-snippet":"max-snippet:-1","max-image-preview":"max-image-preview:large","max-video-preview":"max-video-preview:-1"},"canonical":"https:\/\/www.muhccoead.com\/fr\/conditions-d-utilisation\/","og_locale":"fr_FR","og_type":"article","og_title":"Conditions d'utilisation | MUHC Centre of Excellence for Atopic Dermatitis","og_description":"Conditions d&rsquo;utilisation Clause de non-responsabilit\u00e9 pour les informations fournies sur muhccoead.com Les informations fournies sur le site&nbsp;muhccoead.com&nbsp;le sont \u00e0 titre d&rsquo;information g\u00e9n\u00e9rale uniquement. Bien que nous nous efforcions de fournir des informations exactes et \u00e0 jour, nous ne faisons aucune d\u00e9claration ni ne donnons aucune garantie, expresse ou implicite, quant \u00e0 l&rsquo;exhaustivit\u00e9, l&rsquo;exactitude, la fiabilit\u00e9, [&hellip;]","og_url":"https:\/\/www.muhccoead.com\/fr\/conditions-d-utilisation\/","og_site_name":"MUHC Centre of Excellence for Atopic Dermatitis","article_modified_time":"2025-09-16T20:30:30+00:00","twitter_card":"summary_large_image","twitter_misc":{"Dur\u00e9e de lecture estim\u00e9e":"2 minutes"},"schema":{"@context":"https:\/\/schema.org","@graph":[{"@type":"WebPage","@id":"https:\/\/www.muhccoead.com\/fr\/conditions-d-utilisation\/","url":"https:\/\/www.muhccoead.com\/fr\/conditions-d-utilisation\/","name":"Conditions d'utilisation | MUHC Centre of Excellence for Atopic Dermatitis","isPartOf":{"@id":"https:\/\/www.muhccoead.com\/fr\/#website"},"datePublished":"2023-10-27T15:07:46+00:00","dateModified":"2025-09-16T20:30:30+00:00","breadcrumb":{"@id":"https:\/\/www.muhccoead.com\/fr\/conditions-d-utilisation\/#breadcrumb"},"inLanguage":"fr-FR","potentialAction":[{"@type":"ReadAction","target":["https:\/\/www.muhccoead.com\/fr\/conditions-d-utilisation\/"]}]},{"@type":"BreadcrumbList","@id":"https:\/\/www.muhccoead.com\/fr\/conditions-d-utilisation\/#breadcrumb","itemListElement":[{"@type":"ListItem","position":1,"name":"Home","item":"https:\/\/www.muhccoead.com\/fr\/home\/"},{"@type":"ListItem","position":2,"name":"Conditions d&#8217;utilisation"}]},{"@type":"WebSite","@id":"https:\/\/www.muhccoead.com\/fr\/#website","url":"https:\/\/www.muhccoead.com\/fr\/","name":"MUHC Centre of Excellence for Atopic Dermatitis","description":"Dermatogenix","publisher":{"@id":"https:\/\/www.muhccoead.com\/fr\/#organization"},"potentialAction":[{"@type":"SearchAction","target":{"@type":"EntryPoint","urlTemplate":"https:\/\/www.muhccoead.com\/fr\/?s={search_term_string}"},"query-input":{"@type":"PropertyValueSpecification","valueRequired":true,"valueName":"search_term_string"}}],"inLanguage":"fr-FR"},{"@type":"Organization","@id":"https:\/\/www.muhccoead.com\/fr\/#organization","name":"MUHC Centre of Excellence for Atopic Dermatitis","url":"https:\/\/www.muhccoead.com\/fr\/","logo":{"@type":"ImageObject","inLanguage":"fr-FR","@id":"https:\/\/www.muhccoead.com\/fr\/#\/schema\/logo\/image\/","url":"https:\/\/www.muhccoead.com\/wp-content\/uploads\/2022\/09\/MUHC-COE-AD-Logo.png","contentUrl":"https:\/\/www.muhccoead.com\/wp-content\/uploads\/2022\/09\/MUHC-COE-AD-Logo.png","width":249,"height":229,"caption":"MUHC Centre of Excellence for Atopic Dermatitis"},"image":{"@id":"https:\/\/www.muhccoead.com\/fr\/#\/schema\/logo\/image\/"}}]}},"featured_image_src":null,"featured_image_src_square":null,"_links":{"self":[{"href":"https:\/\/www.muhccoead.com\/fr\/wp-json\/wp\/v2\/pages\/1276","targetHints":{"allow":["GET"]}}],"collection":[{"href":"https:\/\/www.muhccoead.com\/fr\/wp-json\/wp\/v2\/pages"}],"about":[{"href":"https:\/\/www.muhccoead.com\/fr\/wp-json\/wp\/v2\/types\/page"}],"author":[{"embeddable":true,"href":"https:\/\/www.muhccoead.com\/fr\/wp-json\/wp\/v2\/users\/3"}],"replies":[{"embeddable":true,"href":"https:\/\/www.muhccoead.com\/fr\/wp-json\/wp\/v2\/comments?post=1276"}],"version-history":[{"count":0,"href":"https:\/\/www.muhccoead.com\/fr\/wp-json\/wp\/v2\/pages\/1276\/revisions"}],"wp:attachment":[{"href":"https:\/\/www.muhccoead.com\/fr\/wp-json\/wp\/v2\/media?parent=1276"}],"curies":[{"name":"wp","href":"https:\/\/api.w.org\/{rel}","templated":true}]}}